{"id":86,"date":"2013-02-05T13:44:42","date_gmt":"2013-02-05T11:44:42","guid":{"rendered":"http:\/\/uskonkilpi.net\/wp\/?page_id=86"},"modified":"2015-08-08T14:17:52","modified_gmt":"2015-08-08T11:17:52","slug":"toimitus","status":"publish","type":"page","link":"https:\/\/uskonkilpi.net\/wp\/?page_id=86","title":{"rendered":"Toimitus"},"content":{"rendered":"<div id=\"attachment_87\" style=\"width: 117px\" class=\"wp-caption alignright\"><a href=\"https:\/\/i0.wp.com\/uskonkilpi.net\/wp\/wp-content\/uploads\/2013\/02\/Simo2009.jpg?ssl=1\"><img data-recalc-dims=\"1\" loading=\"lazy\" decoding=\"async\" aria-describedby=\"caption-attachment-87\" class=\"size-full wp-image-87\" src=\"https:\/\/i0.wp.com\/uskonkilpi.net\/wp\/wp-content\/uploads\/2013\/02\/Simo2009.jpg?resize=117%2C148&#038;ssl=1\" alt=\"Simo2009\" width=\"117\" height=\"148\" \/><\/a><p id=\"caption-attachment-87\" class=\"wp-caption-text\">Simo<\/p><\/div>\n<p>S i m o P a p u n e n<br \/>\nTein maallisen ty\u00f6urani it-alalla, olen nyt el\u00e4kel\u00e4inen, uskossa olen ollut yli 30 vuotta plus lapsena joitakin vuosia. Nuoruuteni tuhlasin maailmassa. Harrastin nuorena mm. t\u00e4htitiedett\u00e4, joka n\u00e4kyy sivustoni kuvituksessa. Luonnontieteelliset opinnot j\u00e4iv\u00e4t kesken, kun kiinnostuin laajemmista n\u00e4k\u00f6aloista ja ahmin kaunokirjallisuutta ja erilaista el\u00e4m\u00e4nkatsomustietoa. L\u00f6ysin my\u00f6s uskon uudestaan. Liityin helluntaiseurakuntaan ja menin naimisiin. Olin kymmenisen vuotta j\u00e4sen kolmessa eri helluntaiseurakunnassa (ty\u00f6n per\u00e4ss\u00e4 vaihdoimme paikkakuntaa). Helluntaiher\u00e4tys ei vaan koskaan tuntunut hengelliselt\u00e4 kodilta. Etsimme seurakuntayhteytt\u00e4, mutta l\u00f6ysimme sen sijasta apostolisen uskon.<\/p>\n<p>Apostolinen usko merkitsee sen tajuamista, ett\u00e4 kaikki uudestisyntyneet uskovat kuuluvat hengen yhteyteen toistensa kanssa. Kristikunnan jako kirkkokuntiin on ep\u00e4apostolinen kehityssuunta. Apostolinen usko on paluuta alkuseurakunnan arvoihin ja k\u00e4yt\u00e4nt\u00f6ihin.<\/p>\n<p>Seurakunnat, sellaisina kuin ne t\u00e4n\u00e4 p\u00e4iv\u00e4n\u00e4 esitt\u00e4ytyv\u00e4t, eiv\u00e4t edusta puhdasta apostolista uskoa, vain sen likiarvoa \u2013 toiset ovat l\u00e4hemp\u00e4n\u00e4, toiset kauempana alkuper\u00e4isest\u00e4 Jumalan suunnitelmasta. Toisaalta jokaisella Jumalan lapsella on vapaus olla erilainen, olla oman historiansa n\u00e4k\u00f6inen, tunnustaa uskoa omalla \u00e4\u00e4nell\u00e4\u00e4n. Apostolinen usko ei pakota ihmisi\u00e4 samaan muottiin. Siin\u00e4, miss\u00e4 kirkkokuntien edustama yhteys on poissulkevaa yhteytt\u00e4, apostolinen usko on sis\u00e4\u00e4ns\u00e4 sulkevaa, yhteyteen kutsuvaa ja yhteyteen hyv\u00e4ksyv\u00e4\u00e4 asennetta.<\/p>\n<p>Olen tehnyt er\u00e4\u00e4nlaista nettipastorin ty\u00f6t\u00e4 vuodesta 2002 alkaen. Olen Uskonkilpi-sivustoni kautta pyrkinyt jakamaan Jumalan sanan opetusta ja erilaista hengellist\u00e4 el\u00e4m\u00e4\u00e4 rakentavaa aineistoa. Monipuolisuutta sis\u00e4lt\u00f6\u00f6n ovat tuoneet useat ulkomaiset pastorit, joiden artikkeleita olen k\u00e4\u00e4nt\u00e4nyt ja julkaissut. T\u00e4ss\u00e4 useiden sivustojen julkaisukokonaisuudessa on\u00a0 rukouksella ollut t\u00e4rke\u00e4 rooli (vuoden 2015 alusta l\u00e4htien rukouspalvelu on kuitenkin poistettu osana &#8221;el\u00e4kkeelle siirtymist\u00e4ni&#8221;).<\/p>\n<p>Toivon, ett\u00e4 l\u00f6yd\u00e4t Uskon kilven sivuilta uskonel\u00e4m\u00e4\u00e4si rakentavaa materiaalia, niit\u00e4 kirjoitelmia, joista Raamattu sanoo n\u00e4in:<\/p>\n<p><i>Jokainen pyh\u00e4, Jumalan Hengest\u00e4 syntynyt kirjoitus on hy\u00f6dyllinen opetukseksi, nuhteeksi, ojennukseksi ja kasvatukseksi Jumalan tahdon mukaiseen el\u00e4m\u00e4\u00e4n. N\u00e4in Jumalan ihmisest\u00e4 tulee t\u00e4ydellinen ja kaikkeen hyv\u00e4\u00e4n kykenev\u00e4. 2.Tim.3:16-17.<\/i><\/p>\n<p>Siunausta sinulle, rakas yst\u00e4v\u00e4 ja Jumalan ihminen, kuka oletkin, mist\u00e4 tuletkin. Yksi mielijakeitani Raamatussa on: <i>Vapauteen Kristus meid\u00e4t vapautti. Pysyk\u00e4\u00e4 siis lujina \u00e4lk\u00e4\u00e4k\u00e4 alistuko uudelleen orjuuden ikeeseen. Gal.5:1.<\/i><\/p>\n<p>Voit l\u00e4hett\u00e4\u00e4 minulle postia osoitteeseen; uskonkilpi (\u00e4t) gmail (piste) com<\/p>\n<p>&nbsp;<\/p>\n<p><a href=\"https:\/\/i0.wp.com\/uskonkilpi.net\/wp\/wp-content\/uploads\/2013\/02\/SimoP.jpg?ssl=1\"><img data-recalc-dims=\"1\" loading=\"lazy\" decoding=\"async\" class=\"alignleft  wp-image-88\" style=\"border: 0px;\" src=\"https:\/\/i0.wp.com\/uskonkilpi.net\/wp\/wp-content\/uploads\/2013\/02\/SimoP.jpg?resize=204%2C64&#038;ssl=1\" alt=\"SimoP\" width=\"204\" height=\"64\" \/><\/a><\/p>\n<p>&nbsp;<\/p>\n<p>&nbsp;<\/p>\n<p>&nbsp;<\/p>\n<p>PS. En vaikuta Facebookissa henkil\u00f6n\u00e4, mutta yll\u00e4pid\u00e4n siell\u00e4 sivua <a href=\"https:\/\/www.facebook.com\/#!\/pages\/Uskon-kilpi\/332095220243713\">Uskon kilpi<\/a><\/p>\n<p><!-- Facebook Badge START --><br \/>\n<a title=\"Uskon kilpi\" href=\"https:\/\/www.facebook.com\/pages\/Uskon-kilpi\/332095220243713\" target=\"_TOP\"><img data-recalc-dims=\"1\" decoding=\"async\" style=\"border: 0px;\" src=\"https:\/\/i0.wp.com\/badge.facebook.com\/badge\/332095220243713.1216.1119957906.png?w=750&#038;ssl=1\" alt=\"\" \/><\/a><br \/>\n<!-- Facebook Badge END --><\/p>\n","protected":false},"excerpt":{"rendered":"<p>S i m o P a p u n e n Tein maallisen ty\u00f6urani it-alalla, olen nyt el\u00e4kel\u00e4inen, uskossa olen ollut yli 30 vuotta plus lapsena joitakin vuosia. Nuoruuteni tuhlasin maailmassa. Harrastin nuorena mm. t\u00e4htitiedett\u00e4, joka n\u00e4kyy sivustoni kuvituksessa. Luonnontieteelliset opinnot j\u00e4iv\u00e4t kesken, kun kiinnostuin laajemmista n\u00e4k\u00f6aloista ja ahmin kaunokirjallisuutta ja erilaista el\u00e4m\u00e4nkatsomustietoa. L\u00f6ysin my\u00f6s &hellip; <\/p>\n<p><a class=\"more-link btn\" href=\"https:\/\/uskonkilpi.net\/wp\/?page_id=86\">Jatka lukemista<\/a><\/p>\n","protected":false},"author":1,"featured_media":0,"parent":0,"menu_order":0,"comment_status":"closed","ping_status":"closed","template":"","meta":{"amp_status":"","footnotes":""},"class_list":["post-86","page","type-page","status-publish","hentry","nodate","item-wrap"],"jetpack_sharing_enabled":true,"jetpack_shortlink":"https:\/\/wp.me\/PaXjEf-1o","_links":{"self":[{"href":"https:\/\/uskonkilpi.net\/wp\/index.php?rest_route=\/wp\/v2\/pages\/86","targetHints":{"allow":["GET"]}}],"collection":[{"href":"https:\/\/uskonkilpi.net\/wp\/index.php?rest_route=\/wp\/v2\/pages"}],"about":[{"href":"https:\/\/uskonkilpi.net\/wp\/index.php?rest_route=\/wp\/v2\/types\/page"}],"author":[{"embeddable":true,"href":"https:\/\/uskonkilpi.net\/wp\/index.php?rest_route=\/wp\/v2\/users\/1"}],"replies":[{"embeddable":true,"href":"https:\/\/uskonkilpi.net\/wp\/index.php?rest_route=%2Fwp%2Fv2%2Fcomments&post=86"}],"version-history":[{"count":14,"href":"https:\/\/uskonkilpi.net\/wp\/index.php?rest_route=\/wp\/v2\/pages\/86\/revisions"}],"predecessor-version":[{"id":4041,"href":"https:\/\/uskonkilpi.net\/wp\/index.php?rest_route=\/wp\/v2\/pages\/86\/revisions\/4041"}],"wp:attachment":[{"href":"https:\/\/uskonkilpi.net\/wp\/index.php?rest_route=%2Fwp%2Fv2%2Fmedia&parent=86"}],"curies":[{"name":"wp","href":"https:\/\/api.w.org\/{rel}","templated":true}]}}