{"id":615,"date":"2013-04-28T00:01:20","date_gmt":"2013-04-27T21:01:20","guid":{"rendered":"http:\/\/uskonkilpi.net\/wp\/?page_id=615"},"modified":"2013-04-28T10:48:02","modified_gmt":"2013-04-28T07:48:02","slug":"ross-rohde","status":"publish","type":"page","link":"https:\/\/uskonkilpi.net\/wp\/?page_id=615","title":{"rendered":"Ross Rohde"},"content":{"rendered":"<p><a href=\"https:\/\/i0.wp.com\/uskonkilpi.net\/wp\/wp-content\/uploads\/2013\/04\/ROSS_ROHDE.jpg?ssl=1\"><img data-recalc-dims=\"1\" loading=\"lazy\" decoding=\"async\" class=\"alignleft size-medium wp-image-616\" alt=\"!ROSS_ROHDE\" src=\"https:\/\/i0.wp.com\/uskonkilpi.net\/wp\/wp-content\/uploads\/2013\/04\/ROSS_ROHDE.jpg?resize=300%2C200&#038;ssl=1\" width=\"300\" height=\"200\" srcset=\"https:\/\/i0.wp.com\/uskonkilpi.net\/wp\/wp-content\/uploads\/2013\/04\/ROSS_ROHDE.jpg?resize=300%2C200&amp;ssl=1 300w, https:\/\/i0.wp.com\/uskonkilpi.net\/wp\/wp-content\/uploads\/2013\/04\/ROSS_ROHDE.jpg?w=705&amp;ssl=1 705w\" sizes=\"auto, (max-width: 300px) 100vw, 300px\" \/><\/a>Ross Rohde tunnetaan kirjan &#8221;Viral Jesus&#8221; kirjoittajana. Nimi voitaisiin ehk\u00e4 suomentaa &#8221;Jeesus-tartunta&#8221;, mutta kirjaa ei ole saatavana suomeksi. Ross on yksi orgaanisen seurakunnan puolestapuhujista ja h\u00e4n on my\u00f6s kotiseurakuntaliikkeen (simple church) edustaja ja h\u00e4nen mieliteemojaan on puhua &#8221;epidemian tavoin levi\u00e4v\u00e4st\u00e4 Jeesus-kuumeesta&#8221;. H\u00e4n perustaa ja kasvattaa seurakuntia yhdess\u00e4 vaimonsa kanssa San Francisco Bayn alueella USA:ssa ja h\u00e4n on toiminut l\u00e4hetysty\u00f6ss\u00e4 latinalaisessa Amerikassa ja Espanjassa. H\u00e4n my\u00f6s matkustelee aika paljon puhumassa ymp\u00e4ri maailmaa. H\u00e4n on k\u00e4ynyt Suomessakin ja TV7 on haastatellut h\u00e4nt\u00e4. Voit katsoa ohjelman t\u00e4st\u00e4: <a href=\"http:\/\/www.tv7.fi\/vod\/player\/?program=21397\">Haastattelussa Ross Rohde\u00a0<\/a><\/p>\n<p>Ross Rohde on todennut, ett\u00e4 alkuseurakunnan aikana kristillinen usko levisi r\u00e4j\u00e4hdysm\u00e4isesti ja tartunnanomaisesti, eiv\u00e4tk\u00e4 vainot pys\u00e4ytt\u00e4neet t\u00e4t\u00e4 liikett\u00e4, vaan pikemminkin auttoivat sit\u00e4 levi\u00e4m\u00e4\u00e4n. Mutta toisaalta h\u00e4n n\u00e4kee, ett\u00e4 kristinusko ei en\u00e4\u00e4 l\u00e4nsimaissa levi\u00e4 kulovalkean tavoin, vaan siit\u00e4 on tullut v\u00e4hitellen jotakin aivan muuta: pys\u00e4htynyt, laitostunut uskonto, jonka puitteissa ei en\u00e4\u00e4 alkuseurakunnan innostusta ja hengellisen el\u00e4m\u00e4n kukoistusta koeta.\u00a0Ross uskoo kuitenkin, ett\u00e4 alkuaikojen innostus ja antaumus voidaan l\u00f6yt\u00e4\u00e4 uudestaan.<\/p>\n<p>Ross on ollut naimisissa vaimonsa Margin kanssa yli 30 vuotta. Heill\u00e4 on kolme tyt\u00e4rt\u00e4 ja nelj\u00e4 lastenlasta. Ross Rohde julkaisee omaa blogia\u00a0<a href=\"http:\/\/thejesusvirus.org\/\">http:\/\/thejesusvirus.org\/<\/a>, josta my\u00f6s Uskon kilven artikkelit on suomennettu.<\/p>\n<p>Suomennetut artikkelit <a href=\"https:\/\/uskonkilpi.net\/wp\/?cat=26\">t\u00e4ss\u00e4 sivustossa<\/a><\/p>\n<p>&nbsp;<\/p>\n","protected":false},"excerpt":{"rendered":"<p>Ross Rohde tunnetaan kirjan &#8221;Viral Jesus&#8221; kirjoittajana. Nimi voitaisiin ehk\u00e4 suomentaa &#8221;Jeesus-tartunta&#8221;, mutta kirjaa ei ole saatavana suomeksi. Ross on yksi orgaanisen seurakunnan puolestapuhujista ja h\u00e4n on my\u00f6s kotiseurakuntaliikkeen (simple church) edustaja ja h\u00e4nen mieliteemojaan on puhua &#8221;epidemian tavoin levi\u00e4v\u00e4st\u00e4 Jeesus-kuumeesta&#8221;. H\u00e4n perustaa ja kasvattaa seurakuntia yhdess\u00e4 vaimonsa kanssa San Francisco Bayn alueella USA:ssa ja &hellip; <\/p>\n<p><a class=\"more-link btn\" href=\"https:\/\/uskonkilpi.net\/wp\/?page_id=615\">Jatka lukemista<\/a><\/p>\n","protected":false},"author":1,"featured_media":0,"parent":312,"menu_order":0,"comment_status":"closed","ping_status":"closed","template":"","meta":{"jetpack_post_was_ever_published":false,"amp_status":"","footnotes":""},"class_list":["post-615","page","type-page","status-publish","hentry","nodate","item-wrap"],"jetpack_sharing_enabled":true,"jetpack_shortlink":"https:\/\/wp.me\/PaXjEf-9V","_links":{"self":[{"href":"https:\/\/uskonkilpi.net\/wp\/index.php?rest_route=\/wp\/v2\/pages\/615","targetHints":{"allow":["GET"]}}],"collection":[{"href":"https:\/\/uskonkilpi.net\/wp\/index.php?rest_route=\/wp\/v2\/pages"}],"about":[{"href":"https:\/\/uskonkilpi.net\/wp\/index.php?rest_route=\/wp\/v2\/types\/page"}],"author":[{"embeddable":true,"href":"https:\/\/uskonkilpi.net\/wp\/index.php?rest_route=\/wp\/v2\/users\/1"}],"replies":[{"embeddable":true,"href":"https:\/\/uskonkilpi.net\/wp\/index.php?rest_route=%2Fwp%2Fv2%2Fcomments&post=615"}],"version-history":[{"count":11,"href":"https:\/\/uskonkilpi.net\/wp\/index.php?rest_route=\/wp\/v2\/pages\/615\/revisions"}],"predecessor-version":[{"id":619,"href":"https:\/\/uskonkilpi.net\/wp\/index.php?rest_route=\/wp\/v2\/pages\/615\/revisions\/619"}],"up":[{"embeddable":true,"href":"https:\/\/uskonkilpi.net\/wp\/index.php?rest_route=\/wp\/v2\/pages\/312"}],"wp:attachment":[{"href":"https:\/\/uskonkilpi.net\/wp\/index.php?rest_route=%2Fwp%2Fv2%2Fmedia&parent=615"}],"curies":[{"name":"wp","href":"https:\/\/api.w.org\/{rel}","templated":true}]}}