{"id":441,"date":"2013-03-20T00:01:49","date_gmt":"2013-03-19T22:01:49","guid":{"rendered":"http:\/\/uskonkilpi.net\/wp\/?page_id=441"},"modified":"2013-04-27T19:37:26","modified_gmt":"2013-04-27T16:37:26","slug":"art-katz","status":"publish","type":"page","link":"https:\/\/uskonkilpi.net\/wp\/?page_id=441","title":{"rendered":"Art Katz"},"content":{"rendered":"<p><a href=\"https:\/\/i0.wp.com\/uskonkilpi.net\/wp\/wp-content\/uploads\/2013\/03\/Art.jpg?ssl=1\"><img data-recalc-dims=\"1\" loading=\"lazy\" decoding=\"async\" class=\"alignleft size-medium wp-image-442\" alt=\"Art\" src=\"https:\/\/i0.wp.com\/uskonkilpi.net\/wp\/wp-content\/uploads\/2013\/03\/Art.jpg?resize=245%2C300&#038;ssl=1\" width=\"245\" height=\"300\" srcset=\"https:\/\/i0.wp.com\/uskonkilpi.net\/wp\/wp-content\/uploads\/2013\/03\/Art.jpg?resize=245%2C300&amp;ssl=1 245w, https:\/\/i0.wp.com\/uskonkilpi.net\/wp\/wp-content\/uploads\/2013\/03\/Art.jpg?w=258&amp;ssl=1 258w\" sizes=\"auto, (max-width: 245px) 100vw, 245px\" \/><\/a>Art Katz syntyi Brooklynissa New Yorkissa vuonna 1929 juutalaisten vanhempien lapsena. H\u00e4n varttui taloudellisen laman keskell\u00e4 ja Toisen Maailmansodan melskeiss\u00e4 ja syventyi sek\u00e4 marxistiseen ett\u00e4 eksistentialistiseen ajatteluun, teki t\u00f6it\u00e4 kauppalaivoilla ja palveli my\u00f6s armeijassa ja lopulta h\u00e4n p\u00e4\u00e4tyi moraaliseen kriisiin ollessaan lukion opettajana. H\u00e4n osasi kouluttaa ihmisi\u00e4, mutta ei kyennyt antamaan vastauksia aikansa kiperiin kysymyksiin.<\/p>\n<p>Oltuaan jonkin aika matkoilla ja liftattuaan l\u00e4pi Euroopan ja L\u00e4hi-id\u00e4n t\u00e4m\u00e4 kyyninen ja ep\u00e4uskoinen ateisti, joka vastusti kiihke\u00e4sti uskontoja ja kristinuskoa erityisesti, joutui Jumalan kiinni ottamaksi \u2013 Jumalan, joka kutsui h\u00e4nt\u00e4 voimakkaasti. H\u00e4n kirjoitti kokemuksistaan p\u00e4iv\u00e4kirjan nimelt\u00e4 \u201cBen Israel \u2013 modernin juutalaisen harharetki\u201d, joka kuvaa h\u00e4nen kiihke\u00e4\u00e4 el\u00e4m\u00e4n tarkoituksen etsint\u00e4\u00e4ns\u00e4. Se kulminoitui merkitt\u00e4v\u00e4ll\u00e4 tavalla Jerusalemissa.<\/p>\n<p>Art k\u00e4vi Santa Monican yliopistoa (UCLA) ja Berkeleyn yliopistoa Kaliforniassa ja suoritti sek\u00e4 alemman ett\u00e4 ylemm\u00e4n korkeakoulututkinnon historiassa ja lis\u00e4ksi teologian maisterin tutkinnon Luther-seminaarissa St.Paulin kaupungissa Minnesotassa. Saarnauransa aikana, mik\u00e4 jatkui l\u00e4hes 40 vuotta, Art pyrki tuomaan esiin raamatun sanoman radikaalin sis\u00e4ll\u00f6n ja soveltamaan sit\u00e4 t\u00e4m\u00e4n ajan yhteiskuntaan \u2013 sek\u00e4 maalliseen ett\u00e4 hengelliseen el\u00e4m\u00e4\u00e4n. H\u00e4nen monia kirjojaan on k\u00e4\u00e4nnetty useimmille valtakielille. Art matkusteli laajalti ymp\u00e4riins\u00e4 konferenssipuhujana ja toimi profeetallisena julistajana seurakunnan keskell\u00e4 kuolemaansa asti, joka tapahtui vuonna 2007. Art Katzia j\u00e4i kaipaamaan vaimo (41), kolme lasta ja kuusi lastenlasta.<\/p>\n<p>Art Katzin vuosien mittaisen palveluty\u00f6n aikana h\u00e4nen t\u00e4rkein teemansa, joka hallitsi h\u00e4nen puheitaan, oli ep\u00e4ilem\u00e4tt\u00e4 Kristuksen ristin keskeinen asema. Se kyll\u00e4sti h\u00e4nen sanomansa ja antoi sellaisen arvovallan ja voitelun, ett\u00e4 voidaan liioittelematta v\u00e4itt\u00e4\u00e4, ettei h\u00e4n saarnannut \u201cmuuta kuin Kristusta ja t\u00e4t\u00e4 ristiinnaulittuna\u201d \u2013 silloinkin kun saarnan aihe ei koskenut juuri mitenk\u00e4\u00e4n Kristusta ja h\u00e4nen risti\u00e4\u00e4n. T\u00e4m\u00e4 olikin Artin suurimpia lahjoja seurakunnalle, nimitt\u00e4in h\u00e4nen kielt\u00e4ytymisens\u00e4 tuntemasta muuta kuin ristiinnaulitun Kristuksen. Ei liene sattumaa, ett\u00e4 Artin kuuluisin saarna ja h\u00e4nen parhaana pidetty puheensa on otsikoitu \u201cSitten he ristiinnaulitsivat h\u00e4net\u201d. Voit katsoa suomennetun 4 minuutin n\u00e4ytteen t\u00e4st\u00e4 puheesta: <a href=\"http:\/\/vanha.uskonkilpi.net\/Art\/HeRistiinnaulitsivatHanet.wmv\" target=\"_blank\"><strong>He ristiinnaulitsivat h\u00e4net<\/strong><\/a> (n\u00e4kyy parhaiten MSIE:n selaimella).<\/p>\n<p>Art toi esiin sellaisen Jumalan tuntemisen, ett\u00e4 vain harva on p\u00e4\u00e4ssyt samaan ymm\u00e4rrykseen nykyisen\u00e4 aikana. Olipa aiheena tulevaisuus, Israelin kansakunnan v\u00e4ist\u00e4m\u00e4t\u00f6n kuolema ja yl\u00f6snousemus tai Paavalin opetukset leskist\u00e4 ja orjista seurakunnassa, Art yritti tuoda esiin \u201cJumalan sellaisena kuin t\u00e4m\u00e4 on eik\u00e4 sellaisena kuin me luulemme h\u00e4nen olevan\u201d.<\/p>\n<p>Art oli mies, joka oli kokenut \u201csynnin kauhut\u201d ja saattoi taivutella muita sen kokemuksen kautta, joka h\u00e4nell\u00e4 oli Jumalasta. Sellainen Jumalan tunteminen ei ollut saavutettavissa helposti, vaan h\u00e4n viipyi Herran kasvojen edess\u00e4 tuntikausia aamuisin ja rukoili s\u00e4\u00e4nn\u00f6llisesti p\u00e4iv\u00e4saikaan yhdess\u00e4 uskon yst\u00e4vien kanssa, eli arjen touhuissa ja kanssak\u00e4ymisess\u00e4 muiden kanssa, luki toisten uskovien kirjoituksia ja eli tiiviiss\u00e4 yhteydenpidossa toisten pyhien kanssa ymp\u00e4ri maailman.<\/p>\n<p>Art oli profeetallinen \u00e4\u00e4ni siin\u00e4, ett\u00e4 h\u00e4n kutsui kuulijoitaan sellaisten Jumalan p\u00e4\u00e4m\u00e4\u00e4rien toteuttamiseen, jotka koskettavat sek\u00e4 t\u00e4t\u00e4 aikaa ett\u00e4 ikuisuutta ja jotka tuovat esiin Jumalan kirkkautta seurakunnassa. Usein h\u00e4nen saarnansa innoittivat seurakuntaa sill\u00e4 tavalla tietoisuuteen lopun ajasta, ett\u00e4 kuulija saattoi kokea lopun ajan olevan juuri nyt k\u00e4sill\u00e4 tai aivan oven edess\u00e4. Jotkut pitiv\u00e4t h\u00e4nt\u00e4 edell\u00e4k\u00e4vij\u00e4n\u00e4, joka raivasi tiet\u00e4 toisille ja saattoi kutsua muita menem\u00e4\u00e4n eteenp\u00e4in Kristukselta Jeesukselta saadussa korkeassa kutsumuksessaan. Vaikka oli lihaa ja verta oleva ihminen, kuten mekin, Art vaelsi itse tuota korkean kutsumuksen tiet\u00e4 ja h\u00e4n levitti Kristuksen tuntemisen tuoksua ymp\u00e4rilleen el\u00e4ess\u00e4\u00e4n l\u00e4hell\u00e4 Jumalaa.<\/p>\n<p>Art arvosti yli kaiken Jumalan kirjoitettua sanaa ja h\u00e4n itse oli kaikessa sanan palvelija. H\u00e4n arvosti hyv\u00e4\u00e4 kielenk\u00e4ytt\u00f6\u00e4 kaikessa \u2013 ei vain sananjulistuksessa, vaan h\u00e4n inhosi sanojen kevytmielist\u00e4 k\u00e4ytt\u00f6\u00e4 muutenkin, tapahtui sellaista sitten saarnatuolista tai kevyen jutustelun muodossa. Niinp\u00e4 h\u00e4nen julistamansa sana, jota h\u00e4n toi esiin armon hengess\u00e4 ja voitelussa (mik\u00e4 on aidon profeetan tuntomerkki), upposi kuulijoiden syd\u00e4miin ja sai aikaan todellista vakaumuksellisuutta uskossa ja antoivat monille uuden ja aidon kokemuksen ja ymm\u00e4rryksen Jumalasta.<\/p>\n<p>Rukoilemme, ett\u00e4 tulette siunatuiksi Artin ty\u00f6n kautta, kun h\u00e4n puhuu edelleen, vaikka h\u00e4n ei en\u00e4\u00e4 olekaan kanssamme t\u00e4\u00e4ll\u00e4 maan p\u00e4\u00e4ll\u00e4.<\/p>\n<p><strong><a href=\"http:\/\/artkatzministries.org\/\" target=\"_self\">Art Katz Ministries<\/a><\/strong><\/p>\n<p>Art Katzin suomennetut artikkelit sarjassa\u00a0<a href=\"http:\/\/sanapuh.wordpress.com\/category\/art-katz\/\">Sana puhuttelee<\/a><\/p>\n<p>Art Katzin suomennetut artikkelit <a href=\"https:\/\/uskonkilpi.net\/wp\/?cat=23\">t\u00e4ss\u00e4 sivustossa<\/a><\/p>\n","protected":false},"excerpt":{"rendered":"<p>Art Katz syntyi Brooklynissa New Yorkissa vuonna 1929 juutalaisten vanhempien lapsena. H\u00e4n varttui taloudellisen laman keskell\u00e4 ja Toisen Maailmansodan melskeiss\u00e4 ja syventyi sek\u00e4 marxistiseen ett\u00e4 eksistentialistiseen ajatteluun, teki t\u00f6it\u00e4 kauppalaivoilla ja palveli my\u00f6s armeijassa ja lopulta h\u00e4n p\u00e4\u00e4tyi moraaliseen kriisiin ollessaan lukion opettajana. H\u00e4n osasi kouluttaa ihmisi\u00e4, mutta ei kyennyt antamaan vastauksia aikansa kiperiin kysymyksiin. &hellip; <\/p>\n<p><a class=\"more-link btn\" href=\"https:\/\/uskonkilpi.net\/wp\/?page_id=441\">Jatka lukemista<\/a><\/p>\n","protected":false},"author":1,"featured_media":0,"parent":312,"menu_order":0,"comment_status":"closed","ping_status":"closed","template":"","meta":{"amp_status":"","footnotes":""},"class_list":["post-441","page","type-page","status-publish","hentry","nodate","item-wrap"],"jetpack_sharing_enabled":true,"jetpack_shortlink":"https:\/\/wp.me\/PaXjEf-77","_links":{"self":[{"href":"https:\/\/uskonkilpi.net\/wp\/index.php?rest_route=\/wp\/v2\/pages\/441","targetHints":{"allow":["GET"]}}],"collection":[{"href":"https:\/\/uskonkilpi.net\/wp\/index.php?rest_route=\/wp\/v2\/pages"}],"about":[{"href":"https:\/\/uskonkilpi.net\/wp\/index.php?rest_route=\/wp\/v2\/types\/page"}],"author":[{"embeddable":true,"href":"https:\/\/uskonkilpi.net\/wp\/index.php?rest_route=\/wp\/v2\/users\/1"}],"replies":[{"embeddable":true,"href":"https:\/\/uskonkilpi.net\/wp\/index.php?rest_route=%2Fwp%2Fv2%2Fcomments&post=441"}],"version-history":[{"count":4,"href":"https:\/\/uskonkilpi.net\/wp\/index.php?rest_route=\/wp\/v2\/pages\/441\/revisions"}],"predecessor-version":[{"id":811,"href":"https:\/\/uskonkilpi.net\/wp\/index.php?rest_route=\/wp\/v2\/pages\/441\/revisions\/811"}],"up":[{"embeddable":true,"href":"https:\/\/uskonkilpi.net\/wp\/index.php?rest_route=\/wp\/v2\/pages\/312"}],"wp:attachment":[{"href":"https:\/\/uskonkilpi.net\/wp\/index.php?rest_route=%2Fwp%2Fv2%2Fmedia&parent=441"}],"curies":[{"name":"wp","href":"https:\/\/api.w.org\/{rel}","templated":true}]}}