{"id":421,"date":"2013-03-24T00:01:54","date_gmt":"2013-03-23T22:01:54","guid":{"rendered":"http:\/\/uskonkilpi.net\/wp\/?page_id=421"},"modified":"2013-04-27T19:40:19","modified_gmt":"2013-04-27T16:40:19","slug":"rick-warren","status":"publish","type":"page","link":"https:\/\/uskonkilpi.net\/wp\/?page_id=421","title":{"rendered":"Rick Warren"},"content":{"rendered":"<p><a href=\"https:\/\/i0.wp.com\/uskonkilpi.net\/wp\/wp-content\/uploads\/2013\/03\/rw5.jpg?ssl=1\"><img data-recalc-dims=\"1\" loading=\"lazy\" decoding=\"async\" class=\"alignright size-medium wp-image-422\" alt=\"World Leaders Debate Global Issues At Clinton Global Initiative\" src=\"https:\/\/i0.wp.com\/uskonkilpi.net\/wp\/wp-content\/uploads\/2013\/03\/rw5.jpg?resize=300%2C199&#038;ssl=1\" width=\"300\" height=\"199\" srcset=\"https:\/\/i0.wp.com\/uskonkilpi.net\/wp\/wp-content\/uploads\/2013\/03\/rw5.jpg?resize=300%2C199&amp;ssl=1 300w, https:\/\/i0.wp.com\/uskonkilpi.net\/wp\/wp-content\/uploads\/2013\/03\/rw5.jpg?w=500&amp;ssl=1 500w\" sizes=\"auto, (max-width: 300px) 100vw, 300px\" \/><\/a>Rick Warren on pastori, joka perusti Saddleback -seurakunnan Lake Forestiin Kaliforniaan. H\u00e4n ja vaimonsa Kay aloittivat seurakunnan toiminnan kotonaan tammikuussa 1980 yhden perheen kanssa.<\/p>\n<p>Nyky\u00e4\u00e4n Saddleback on yksi Amerikan suurimmista ja tunnetummista seurakunnista, jossa k\u00e4y 16000 ihmist\u00e4 viikonloppuisin ja jonka postituslistalla on 50000 nime\u00e4. Sit\u00e4 on sanottu historian nopeimmin kasvavaksi baptisti-seurakunnaksi ja suurimmaksi seurakunnaksi Etel\u00e4isess\u00e4 Baptisti-yhdyskunnassa.<\/p>\n<p>Viimeisten seitsem\u00e4n vuoden aikana on enemm\u00e4n kuin 9200 uskoon tullutta kastettu Saddleback -seurakunnassa. Kirkko on my\u00f6s pannut alulle 34 tyt\u00e4rseurakuntaa ja l\u00e4hett\u00e4nyt yli 4000 j\u00e4sent\u00e4\u00e4n erilaisiin teht\u00e4viin eri puolelle maailmaa.<\/p>\n<p>Rick Warren on tunnettu pioneeri sille terveeseen uskoon t\u00e4ht\u00e4\u00e4v\u00e4lle ajatusmallille, jota kutsutaan englanniksi termill\u00e4 Purpose Driven \u2013 p\u00e4\u00e4m\u00e4\u00e4r\u00e4hakuisuus. Yli 250 000 pastoria ja hengellist\u00e4 johtajaa yli 125 maasta on osallistunut Purpose Driven \u2013 seurakunnan seminaareihin, joita on pidetty 18 kielell\u00e4. Peter Drucker kutsuu Ricki\u00e4 \u201cjatkuvan her\u00e4tyksen keksij\u00e4ksi\u201d.<\/p>\n<p>Rickin kirjaa \u201cthe Purpose Driven Church\u201d on myyty yli 20 miljoonaa kappaletta yli 20 kielell\u00e4. Se on voittanut palkinnon nimelt\u00e4 Gold Medallion Ministry Book of the Year ja sit\u00e4 on k\u00e4ytetty opintomateriaalina monissa seminaareissa ja sen on valittu sadan t\u00e4rkeimm\u00e4n hengellisen kirjan joukkoon, jotka vaikuttivat voimakkaasti viime vuosisadan el\u00e4m\u00e4\u00e4n.<\/p>\n<p>Mainittu kirja on ilmestynyt suomeksi Aikamedian kustantamana vuonna 1999 nimell\u00e4 \u201cP\u00e4\u00e4m\u00e4\u00e4r\u00e4tietoinen seurakunta\u201d. Suomeksi on ilmestynyt my\u00f6s P\u00e4iv\u00e4 Oy:n kustantamana Rick Warrenin kirja nimelt\u00e4 \u201cTavoitteena el\u00e4m\u00e4 \u2013 Tarkoitus vie eteenp\u00e4in\u201d. T\u00e4st\u00e4 kirjasta sanotaan: Rick Warren johdattaa kirjassaan 40-p\u00e4iv\u00e4iselle matkalle, jolla l\u00f6ytyy vastaus kysymykseen: Mit\u00e4 ihmett\u00e4 min\u00e4 t\u00e4\u00e4ll\u00e4 teen? El\u00e4m\u00e4n tarkoituksen oivaltaminen v\u00e4hent\u00e4\u00e4 paineita, auttaa keskitt\u00e4m\u00e4\u00e4n voimavaroja oikein, selkeytt\u00e4\u00e4 p\u00e4\u00e4t\u00f6ksentekoa ja ennen kaikkea valmentaa iankaikkisuuteen. Sanalla sanoen: kirja osoittaa, mik\u00e4 el\u00e4m\u00e4ss\u00e4 on olennaista! \u2013 Haastava ja innostava lukukokemus. Vahvasti raamatullinen: n. 1000 viittausta Raamattuun!<\/p>\n<p>T\u00e4m\u00e4n lis\u00e4ksi Rick on kirjoittanut kirjat The Power to Change Your Life, Answers to Life\u2019s Difficult Questions, and Personal Bible Study Methods.<\/p>\n<p>Rick on my\u00f6s internetin ylitse toimivan maailmanlaajuisen pastors.com perustajia, joka palvelee ja ohjaa hengellisen ty\u00f6n tekij\u00f6it\u00e4 ymp\u00e4ri maailmaa. Yli 60 000 pastoria on mukana palvelussa nimelt\u00e4 Rick Warren\u2019s Ministry Toolbox, joka tarjoaa ilmaisen viikoittaisen uutiskirjeen.<\/p>\n<p>Rick syntyi San Jose\u2019ssa Kaliforniassa. H\u00e4n suoritti Bachelor of Arts -tutkinnon oppilaitoksessa nimelt\u00e4 California Baptist College, Master of Divinity -tutkinnon h\u00e4n suoritti Southwestern Theological -seminaarissa ja Doctor of Ministry -tutkinnon h\u00e4n suoritti Fullerin teologisessa seminaarissa. Muihin ansioihin lukeutuvat mm. Biblical Preaching Award -palkinto, useat kunniatohtorin arvot ja mm. se, ett\u00e4 Metro-kuvalehti nimesi h\u00e4net 25 henkil\u00f6n joukkoon yhdeksi vaikutusvaltaisimmaksi ihmiseksi Kalifornian Orangen alueella.<\/p>\n<p>Rick ja h\u00e4nen vaimonsa Kay asuvat Trabuco Canyonin alueella Kaliforniassa. Heill\u00e4 on kolme lasta \u2013 ja koira.<\/p>\n<p><strong><a href=\"http:\/\/www.pastors.com\/\" target=\"_blank\">www.pastors.com<\/a><\/strong><\/p>\n<p><strong><a href=\"http:\/\/purposedriven.com\/blogs\/dailyhope\/\">Purpose Driven\/Daily Hope<\/a><\/strong><\/p>\n<p>Suomennetut artikkelit sarjassa\u00a0<a href=\"http:\/\/sanapuh.wordpress.com\/category\/rick-warren\/\">Sana puhuttelee<\/a><\/p>\n<p>Suomennetut artikkelit <a href=\"https:\/\/uskonkilpi.net\/wp\/?cat=21\">t\u00e4ss\u00e4 sivustossa<\/a><\/p>\n","protected":false},"excerpt":{"rendered":"<p>Rick Warren on pastori, joka perusti Saddleback -seurakunnan Lake Forestiin Kaliforniaan. H\u00e4n ja vaimonsa Kay aloittivat seurakunnan toiminnan kotonaan tammikuussa 1980 yhden perheen kanssa. Nyky\u00e4\u00e4n Saddleback on yksi Amerikan suurimmista ja tunnetummista seurakunnista, jossa k\u00e4y 16000 ihmist\u00e4 viikonloppuisin ja jonka postituslistalla on 50000 nime\u00e4. Sit\u00e4 on sanottu historian nopeimmin kasvavaksi baptisti-seurakunnaksi ja suurimmaksi seurakunnaksi Etel\u00e4isess\u00e4 &hellip; <\/p>\n<p><a class=\"more-link btn\" href=\"https:\/\/uskonkilpi.net\/wp\/?page_id=421\">Jatka lukemista<\/a><\/p>\n","protected":false},"author":1,"featured_media":0,"parent":312,"menu_order":0,"comment_status":"closed","ping_status":"closed","template":"","meta":{"amp_status":"","footnotes":""},"class_list":["post-421","page","type-page","status-publish","hentry","nodate","item-wrap"],"jetpack_sharing_enabled":true,"jetpack_shortlink":"https:\/\/wp.me\/PaXjEf-6N","_links":{"self":[{"href":"https:\/\/uskonkilpi.net\/wp\/index.php?rest_route=\/wp\/v2\/pages\/421","targetHints":{"allow":["GET"]}}],"collection":[{"href":"https:\/\/uskonkilpi.net\/wp\/index.php?rest_route=\/wp\/v2\/pages"}],"about":[{"href":"https:\/\/uskonkilpi.net\/wp\/index.php?rest_route=\/wp\/v2\/types\/page"}],"author":[{"embeddable":true,"href":"https:\/\/uskonkilpi.net\/wp\/index.php?rest_route=\/wp\/v2\/users\/1"}],"replies":[{"embeddable":true,"href":"https:\/\/uskonkilpi.net\/wp\/index.php?rest_route=%2Fwp%2Fv2%2Fcomments&post=421"}],"version-history":[{"count":4,"href":"https:\/\/uskonkilpi.net\/wp\/index.php?rest_route=\/wp\/v2\/pages\/421\/revisions"}],"predecessor-version":[{"id":815,"href":"https:\/\/uskonkilpi.net\/wp\/index.php?rest_route=\/wp\/v2\/pages\/421\/revisions\/815"}],"up":[{"embeddable":true,"href":"https:\/\/uskonkilpi.net\/wp\/index.php?rest_route=\/wp\/v2\/pages\/312"}],"wp:attachment":[{"href":"https:\/\/uskonkilpi.net\/wp\/index.php?rest_route=%2Fwp%2Fv2%2Fmedia&parent=421"}],"curies":[{"name":"wp","href":"https:\/\/api.w.org\/{rel}","templated":true}]}}