{"id":312,"date":"2013-02-27T11:52:39","date_gmt":"2013-02-27T09:52:39","guid":{"rendered":"http:\/\/uskonkilpi.net\/wp\/?page_id=312"},"modified":"2013-09-03T12:45:48","modified_gmt":"2013-09-03T09:45:48","slug":"muut-kirjoittajat","status":"publish","type":"page","link":"https:\/\/uskonkilpi.net\/wp\/?page_id=312","title":{"rendered":"Muut kirjoittajat"},"content":{"rendered":"<p>Simo on k\u00e4\u00e4nt\u00e4nyt englanninkielist\u00e4 aineistoa suomeksi useilta eri kirjoittajilta:<\/p>\n","protected":false},"excerpt":{"rendered":"<p>Simo on k\u00e4\u00e4nt\u00e4nyt englanninkielist\u00e4 aineistoa suomeksi useilta eri kirjoittajilta:<\/p>\n","protected":false},"author":1,"featured_media":0,"parent":0,"menu_order":90,"comment_status":"closed","ping_status":"closed","template":"","meta":{"amp_status":"","footnotes":""},"class_list":["post-312","page","type-page","status-publish","hentry","nodate","item-wrap"],"jetpack_sharing_enabled":true,"jetpack_shortlink":"https:\/\/wp.me\/PaXjEf-52","_links":{"self":[{"href":"https:\/\/uskonkilpi.net\/wp\/index.php?rest_route=\/wp\/v2\/pages\/312","targetHints":{"allow":["GET"]}}],"collection":[{"href":"https:\/\/uskonkilpi.net\/wp\/index.php?rest_route=\/wp\/v2\/pages"}],"about":[{"href":"https:\/\/uskonkilpi.net\/wp\/index.php?rest_route=\/wp\/v2\/types\/page"}],"author":[{"embeddable":true,"href":"https:\/\/uskonkilpi.net\/wp\/index.php?rest_route=\/wp\/v2\/users\/1"}],"replies":[{"embeddable":true,"href":"https:\/\/uskonkilpi.net\/wp\/index.php?rest_route=%2Fwp%2Fv2%2Fcomments&post=312"}],"version-history":[{"count":3,"href":"https:\/\/uskonkilpi.net\/wp\/index.php?rest_route=\/wp\/v2\/pages\/312\/revisions"}],"predecessor-version":[{"id":318,"href":"https:\/\/uskonkilpi.net\/wp\/index.php?rest_route=\/wp\/v2\/pages\/312\/revisions\/318"}],"wp:attachment":[{"href":"https:\/\/uskonkilpi.net\/wp\/index.php?rest_route=%2Fwp%2Fv2%2Fmedia&parent=312"}],"curies":[{"name":"wp","href":"https:\/\/api.w.org\/{rel}","templated":true}]}}