{"id":302,"date":"2013-02-26T19:49:50","date_gmt":"2013-02-26T17:49:50","guid":{"rendered":"http:\/\/uskonkilpi.net\/wp\/?page_id=302"},"modified":"2013-05-24T13:41:47","modified_gmt":"2013-05-24T10:41:47","slug":"tekijanoikeudet","status":"publish","type":"page","link":"https:\/\/uskonkilpi.net\/wp\/?page_id=302","title":{"rendered":"Tekij\u00e4noikeudet"},"content":{"rendered":"<h1>Copyright \u00a9 Uskon kilpi<\/h1>\n<div style=\"font-size: 12px; line-height: 18px;\">Yksitt\u00e4isi\u00e4 artikkeleita voi tulostaa paperille omaan tai pienpiirin k\u00e4ytt\u00f6\u00f6n. Artikkeleita saa my\u00f6s vapaasti linkitt\u00e4\u00e4 tai lainata niist\u00e4 lyhyit\u00e4 otteita, kunhan se tehd\u00e4\u00e4n my\u00f6nteisess\u00e4 hengess\u00e4, mutta niiden sis\u00e4lt\u00f6\u00e4 ei saa laajemmin kopioida ja julkaista uudestaan ilman kirjallista lupaa.<\/div>\n","protected":false},"excerpt":{"rendered":"<p>Copyright \u00a9 Uskon kilpi Yksitt\u00e4isi\u00e4 artikkeleita voi tulostaa paperille omaan tai pienpiirin k\u00e4ytt\u00f6\u00f6n. Artikkeleita saa my\u00f6s vapaasti linkitt\u00e4\u00e4 tai lainata niist\u00e4 lyhyit\u00e4 otteita, kunhan se tehd\u00e4\u00e4n my\u00f6nteisess\u00e4 hengess\u00e4, mutta niiden sis\u00e4lt\u00f6\u00e4 ei saa laajemmin kopioida ja julkaista uudestaan ilman kirjallista lupaa.<\/p>\n","protected":false},"author":1,"featured_media":0,"parent":86,"menu_order":9,"comment_status":"closed","ping_status":"closed","template":"","meta":{"jetpack_post_was_ever_published":false,"amp_status":"","footnotes":""},"class_list":["post-302","page","type-page","status-publish","hentry","nodate","item-wrap"],"jetpack_sharing_enabled":true,"jetpack_shortlink":"https:\/\/wp.me\/PaXjEf-4S","_links":{"self":[{"href":"https:\/\/uskonkilpi.net\/wp\/index.php?rest_route=\/wp\/v2\/pages\/302","targetHints":{"allow":["GET"]}}],"collection":[{"href":"https:\/\/uskonkilpi.net\/wp\/index.php?rest_route=\/wp\/v2\/pages"}],"about":[{"href":"https:\/\/uskonkilpi.net\/wp\/index.php?rest_route=\/wp\/v2\/types\/page"}],"author":[{"embeddable":true,"href":"https:\/\/uskonkilpi.net\/wp\/index.php?rest_route=\/wp\/v2\/users\/1"}],"replies":[{"embeddable":true,"href":"https:\/\/uskonkilpi.net\/wp\/index.php?rest_route=%2Fwp%2Fv2%2Fcomments&post=302"}],"version-history":[{"count":9,"href":"https:\/\/uskonkilpi.net\/wp\/index.php?rest_route=\/wp\/v2\/pages\/302\/revisions"}],"predecessor-version":[{"id":987,"href":"https:\/\/uskonkilpi.net\/wp\/index.php?rest_route=\/wp\/v2\/pages\/302\/revisions\/987"}],"up":[{"embeddable":true,"href":"https:\/\/uskonkilpi.net\/wp\/index.php?rest_route=\/wp\/v2\/pages\/86"}],"wp:attachment":[{"href":"https:\/\/uskonkilpi.net\/wp\/index.php?rest_route=%2Fwp%2Fv2%2Fmedia&parent=302"}],"curies":[{"name":"wp","href":"https:\/\/api.w.org\/{rel}","templated":true}]}}