{"id":297,"date":"2013-02-27T00:01:33","date_gmt":"2013-02-26T22:01:33","guid":{"rendered":"http:\/\/uskonkilpi.net\/wp\/?page_id=297"},"modified":"2013-04-27T19:39:19","modified_gmt":"2013-04-27T16:39:19","slug":"peggy-kannaday","status":"publish","type":"page","link":"https:\/\/uskonkilpi.net\/wp\/?page_id=297","title":{"rendered":"Peggy Kannaday"},"content":{"rendered":"<p><a href=\"https:\/\/i0.wp.com\/uskonkilpi.net\/wp\/wp-content\/uploads\/2013\/02\/PeggyK.jpg?ssl=1\"><img data-recalc-dims=\"1\" loading=\"lazy\" decoding=\"async\" class=\"alignright size-full wp-image-298\" alt=\"PeggyK\" src=\"https:\/\/i0.wp.com\/uskonkilpi.net\/wp\/wp-content\/uploads\/2013\/02\/PeggyK.jpg?resize=150%2C127&#038;ssl=1\" width=\"150\" height=\"127\" \/><\/a>Peggy (Margaret) Kannaday on toiminut tri Yonggi Chon ty\u00f6toverina ja asunut pitk\u00e4\u00e4n Koreassa. Nyky\u00e4\u00e4n h\u00e4n asuu kotimaassaan USA:ssa, mutta on edelleen johtoteht\u00e4viss\u00e4 Kansainv\u00e4lisen Seurakunnan Kasvun organisaatiossa.<\/p>\n<p><strong>El\u00e4m\u00e4kertatietoja<br \/>\n<\/strong>Peggy Kannaday on toiminut Church Growth International \u2013 nimisen julkaisun toimittajana vuodesta 1991. H\u00e4n on ty\u00f6skennellyt Etel\u00e4-Korean p\u00e4\u00e4kaupungissa Soulissa 13 vuotta, miss\u00e4 h\u00e4n on hoitanut Yoidon T\u00e4yden Evankeliumin Seurakunnan (Yoido Full Gospel Church) ja Kansainv\u00e4lisen Kotisolutoiminnan (International Home Cell Fellowship) tiedotustoimintaa pit\u00e4en viikoittaisia tiedotustilaisuuksia. Peggy on osallistunut my\u00f6s esirukouspalveluun ja toiminut yhdyshenkil\u00f6n\u00e4 ulkomaisten rukouspyynt\u00f6jen v\u00e4litt\u00e4misess\u00e4 rukousvuorelle.<\/p>\n<p>Ennen muuttoaan Etel\u00e4-Koreaan Peggy oli erityisopettajien koulutuksesta vastaava henkil\u00f6 Floridassa USA:ssa. Peggyll\u00e4 on kliinisen psykologian ja kasvatustieteen maisterin tutkinto Floridan valtion yliopistosta. Peggyn v\u00e4vy, Jim, on vanhempi pastori Daytona Beach\u2019iss\u00e4 (International Foursquare Church) ja h\u00e4nen molemmat poikansa, John ja Marc, avustavat h\u00e4nt\u00e4. Tyt\u00e4r Becky, joka on koulutoimen sihteeri, ty\u00f6skentelee seurakunnassa sielunhoitajana.<\/p>\n<p>Peggy asuu nyky\u00e4\u00e4n South Carolinan osavaltiossa, l\u00e4hell\u00e4 Charlotten kaupunkia paikkakunnalla, jonka nimi on Fort Mill, Regent Parkin alueella. Tarkemmat yhteystiedot: 707 Torrey Pines Lane, Fort Mill, SC 29715, 803 547-2164, cgiusahq (\u00e4t) yahoo (piste) com. H\u00e4nen nettiartikkeleitaan l\u00f6ytyy omasta blogista <a href=\"http:\/\/happy707.wordpress.com\/\" target=\"_blank\"><strong>Happy707<\/strong><\/a> tai osoitteesta <a href=\"http:\/\/ihcf.homestead.com\/page5.html\" target=\"_blank\">ihcf.homestead.com<\/a>.<\/p>\n<p>Peggy Kannaday&#8217;n artikkeleita sarjassa <a href=\"http:\/\/sanapuh.wordpress.com\/category\/peggy-kannaday\/\">Sana puhuttelee<\/a><\/p>\n<p>Peggy Kannaday&#8217;n artikkeleita <a href=\"https:\/\/uskonkilpi.net\/wp\/?cat=18\">t\u00e4ss\u00e4 sivustossa<\/a><\/p>\n","protected":false},"excerpt":{"rendered":"<p>Peggy (Margaret) Kannaday on toiminut tri Yonggi Chon ty\u00f6toverina ja asunut pitk\u00e4\u00e4n Koreassa. Nyky\u00e4\u00e4n h\u00e4n asuu kotimaassaan USA:ssa, mutta on edelleen johtoteht\u00e4viss\u00e4 Kansainv\u00e4lisen Seurakunnan Kasvun organisaatiossa. El\u00e4m\u00e4kertatietoja Peggy Kannaday on toiminut Church Growth International \u2013 nimisen julkaisun toimittajana vuodesta 1991. H\u00e4n on ty\u00f6skennellyt Etel\u00e4-Korean p\u00e4\u00e4kaupungissa Soulissa 13 vuotta, miss\u00e4 h\u00e4n on hoitanut Yoidon T\u00e4yden Evankeliumin &hellip; <\/p>\n<p><a class=\"more-link btn\" href=\"https:\/\/uskonkilpi.net\/wp\/?page_id=297\">Jatka lukemista<\/a><\/p>\n","protected":false},"author":1,"featured_media":0,"parent":312,"menu_order":0,"comment_status":"closed","ping_status":"closed","template":"","meta":{"amp_status":"","footnotes":""},"class_list":["post-297","page","type-page","status-publish","hentry","nodate","item-wrap"],"jetpack_sharing_enabled":true,"jetpack_shortlink":"https:\/\/wp.me\/PaXjEf-4N","_links":{"self":[{"href":"https:\/\/uskonkilpi.net\/wp\/index.php?rest_route=\/wp\/v2\/pages\/297","targetHints":{"allow":["GET"]}}],"collection":[{"href":"https:\/\/uskonkilpi.net\/wp\/index.php?rest_route=\/wp\/v2\/pages"}],"about":[{"href":"https:\/\/uskonkilpi.net\/wp\/index.php?rest_route=\/wp\/v2\/types\/page"}],"author":[{"embeddable":true,"href":"https:\/\/uskonkilpi.net\/wp\/index.php?rest_route=\/wp\/v2\/users\/1"}],"replies":[{"embeddable":true,"href":"https:\/\/uskonkilpi.net\/wp\/index.php?rest_route=%2Fwp%2Fv2%2Fcomments&post=297"}],"version-history":[{"count":5,"href":"https:\/\/uskonkilpi.net\/wp\/index.php?rest_route=\/wp\/v2\/pages\/297\/revisions"}],"predecessor-version":[{"id":814,"href":"https:\/\/uskonkilpi.net\/wp\/index.php?rest_route=\/wp\/v2\/pages\/297\/revisions\/814"}],"up":[{"embeddable":true,"href":"https:\/\/uskonkilpi.net\/wp\/index.php?rest_route=\/wp\/v2\/pages\/312"}],"wp:attachment":[{"href":"https:\/\/uskonkilpi.net\/wp\/index.php?rest_route=%2Fwp%2Fv2%2Fmedia&parent=297"}],"curies":[{"name":"wp","href":"https:\/\/api.w.org\/{rel}","templated":true}]}}