{"id":291,"date":"2013-02-26T12:21:43","date_gmt":"2013-02-26T10:21:43","guid":{"rendered":"http:\/\/uskonkilpi.net\/wp\/?page_id=291"},"modified":"2013-04-27T19:41:30","modified_gmt":"2013-04-27T16:41:30","slug":"wolfgang-simson","status":"publish","type":"page","link":"https:\/\/uskonkilpi.net\/wp\/?page_id=291","title":{"rendered":"Wolfgang Simson"},"content":{"rendered":"<p><a href=\"https:\/\/i0.wp.com\/uskonkilpi.net\/wp\/wp-content\/uploads\/2013\/02\/wolfsimson.jpg?ssl=1\"><img data-recalc-dims=\"1\" loading=\"lazy\" decoding=\"async\" class=\"size-full wp-image-292 alignleft\" alt=\"wolfsimson\" src=\"https:\/\/i0.wp.com\/uskonkilpi.net\/wp\/wp-content\/uploads\/2013\/02\/wolfsimson.jpg?resize=135%2C135&#038;ssl=1\" width=\"135\" height=\"135\" \/><\/a>Wolfgang Simson syntyi Saksassa (1959) ja h\u00e4nell\u00e4 on saksalaiset, juutalaiset ja unkarilaiset sukujuuret. H\u00e4n on naimisissa Mercyn kanssa ja heill\u00e4 on kolme lasta. He ovat asuneet aiemmin Britanniassa ja Intiassa ja el\u00e4v\u00e4t nyky\u00e4\u00e4n Saksan etel\u00e4osassa.<\/p>\n<p>Luodessaan itselleen poliittista uraa h\u00e4n koki erilaisia yliluonnollisia kokemuksia, jotka johtivat h\u00e4net Kristuksen kohtaamiseen. Ty\u00f6skennelty\u00e4\u00e4n sosiaality\u00f6ntekij\u00e4n\u00e4 ja taksinkuljettajana Stuttgartissa Saksassa, h\u00e4n my\u00f6hemmin suoritti tutkinnon opinahjossa, jonka nimi on suomennettuna Vapaa Evankelinen Teologinen Akatemia (Basel, Sveitsi). Siell\u00e4 h\u00e4n itsekin my\u00f6hemmin luennoi Seurakunnan kasvusta ja L\u00e4hetysty\u00f6n menetelmist\u00e4, kun h\u00e4nest\u00e4 tuli dekaaninsa (my\u00f6hemmin professorina toimineen) Samuel K\u00fcllingin avustaja. Kun h\u00e4n suoritti tohtorin tutkintoon t\u00e4ht\u00e4\u00e4vi\u00e4 opintoja eri yliopistoissa Belgiassa ja USA:ssa &#8211; h\u00e4n teki tutkimusta missiologiasta ja kulttuuriantropologiasta &#8211; h\u00e4n tajusi, ett\u00e4 akateeminen tiede ei antanut vastauksia niihin kysymyksiin, jotka h\u00e4nt\u00e4 vaivasivat &#8211; mutta Jumalalla oli vastaukset.<\/p>\n<p>Er\u00e4\u00e4n kerran h\u00e4n koki j\u00e4lleen erityisen Jumalan kohtaamisen, miss\u00e4 h\u00e4nelle n\u00e4ytettiin h\u00e4nen el\u00e4m\u00e4ns\u00e4 p\u00e4\u00e4m\u00e4\u00e4r\u00e4, suunta ja tie, ja sit\u00e4 h\u00e4n on kulkenut siit\u00e4 asti. Vuodesta 1983 l\u00e4htien Wolfgang on ollut perustamassa useita seurakuntia ja ollut mukana johtamassa niit\u00e4. Samaan aikaan h\u00e4n on ollut tekem\u00e4ss\u00e4 tutkimusta maailmanlaajuisesta seurakuntakasvusta, seurakuntia synnytt\u00e4vist\u00e4 liikkeist\u00e4, her\u00e4tyksist\u00e4 ja menestyv\u00e4st\u00e4 l\u00e4hetysty\u00f6st\u00e4.<\/p>\n<p>Wolfgang ty\u00f6skenteli pari vuosikymment\u00e4 (1986-2006) seurakuntakasvun ja evankelioinnin konsulttina, tutkijana ja toimittajana eri kristillisten verkostojen palveluksessa ja paikallisissa ja maailmanlaajuisissa aivoriihi-tyyppisiss\u00e4 hankkeissa yli 60 maassa. Dawn-Europan yhten\u00e4 perustajana h\u00e4n on ollut hallituksen j\u00e4sen erilaisissa seurakuntakasvua vaalivissa j\u00e4rjest\u00f6iss\u00e4 sek\u00e4 Britanniassa ett\u00e4 Saksassa, h\u00e4n on ollut Lausanne-liikkeen j\u00e4sen Saksassa ja monien tunnettujen kristillisten julkaisujen toimittaja. H\u00e4n on kirjoittanut tusinan verran kirjoja, joita on k\u00e4\u00e4nnetty jo parillekymmenelle kielelle.<\/p>\n<p><strong>Wolfgang kuvailee omaa kutsumustaan<\/strong><br \/>\nKoska muoto syntyy toiminnasta, minun el\u00e4m\u00e4\u00e4ni ja kutsumustani kuvaa parhaiten se n\u00e4ky, joka minut on vallannut. Sen johdosta minulla on kolme intohimoa:<\/p>\n<p>Jeesuksen Kristuksen <em><strong>seurakunnan uudistus<\/strong><\/em> sellaiseksi, ett\u00e4 se heijastaa tarkasti Luojansa ja Kuninkaansa suunnitelmaa.<\/p>\n<p><em><strong>Taloudellinen uudistus<\/strong><\/em>, jossa palataan Jumalan valtakunnan periaatteisiin ja toteutetaan ty\u00f6h\u00f6n ja rahank\u00e4ytt\u00f6\u00f6n liittyvi\u00e4 messiaanisia periaatteita.<\/p>\n<p><em><strong>Yhteyden uudistus<\/strong><\/em>, joka tapahtuu, kun Kristuksen ruumiissa tehd\u00e4\u00e4n parannusta sen ihmistekoisesta hajaannuksesta ja palataan alkuper\u00e4iseen suunnitelmaan eli ylivertaisen vetovoimaiseen Kristuksen morsiameen.<\/p>\n<p>N\u00e4it\u00e4 tavoitteita ei voida saavuttaa jonkin yksitt\u00e4isen julistajan, seurakunnan tai edes verkoston kautta. P\u00e4\u00e4asiallinen menetelm\u00e4, jonka avulla Pyh\u00e4 Henki pyrkii n\u00e4ihin tavoitteisiin &#8211; meid\u00e4n kanssamme tai ilman meit\u00e4 &#8211; on globaali Pyh\u00e4n Hengen johdatuksessa syntyv\u00e4 yhteisty\u00f6 ja kumppanuus, mik\u00e4 syntyy kuuliaisuudesta eik\u00e4 ole mielihyv\u00e4-suuntautunutta. Yksi n\u00e4ist\u00e4 kumppanuusmuodoista on Starfish-Partnership &#8211; joka on ruohonjuuritasolla toimiva gobaali apostolinen verkosto, joka syntyy niiss\u00e4 tuoreissa ja elinvoimaissa yhteis\u00f6iss\u00e4, joita nyt syntyy eri puolilla maailmaa.<\/p>\n<p>Sivusto\u00a0<a href=\"http:\/\/www.simsonwolfgang.de\"><strong>www.simsonwolfgang.de<\/strong><\/a><\/p>\n<p>Suomennettuja artikkeleita sarjassa\u00a0<a href=\"http:\/\/sanapuh.wordpress.com\/category\/wolfgang-simson\/\">Sana puhuttelee<\/a><\/p>\n<p>Suomennettuja artikkeleita <a href=\"https:\/\/uskonkilpi.net\/wp\/?cat=11\">t\u00e4ss\u00e4 sivustossa<\/a><\/p>\n","protected":false},"excerpt":{"rendered":"<p>Wolfgang Simson syntyi Saksassa (1959) ja h\u00e4nell\u00e4 on saksalaiset, juutalaiset ja unkarilaiset sukujuuret. H\u00e4n on naimisissa Mercyn kanssa ja heill\u00e4 on kolme lasta. He ovat asuneet aiemmin Britanniassa ja Intiassa ja el\u00e4v\u00e4t nyky\u00e4\u00e4n Saksan etel\u00e4osassa. Luodessaan itselleen poliittista uraa h\u00e4n koki erilaisia yliluonnollisia kokemuksia, jotka johtivat h\u00e4net Kristuksen kohtaamiseen. Ty\u00f6skennelty\u00e4\u00e4n sosiaality\u00f6ntekij\u00e4n\u00e4 ja taksinkuljettajana Stuttgartissa Saksassa, &hellip; <\/p>\n<p><a class=\"more-link btn\" href=\"https:\/\/uskonkilpi.net\/wp\/?page_id=291\">Jatka lukemista<\/a><\/p>\n","protected":false},"author":1,"featured_media":0,"parent":312,"menu_order":0,"comment_status":"closed","ping_status":"closed","template":"","meta":{"amp_status":"","footnotes":""},"class_list":["post-291","page","type-page","status-publish","hentry","nodate","item-wrap"],"jetpack_sharing_enabled":true,"jetpack_shortlink":"https:\/\/wp.me\/PaXjEf-4H","_links":{"self":[{"href":"https:\/\/uskonkilpi.net\/wp\/index.php?rest_route=\/wp\/v2\/pages\/291","targetHints":{"allow":["GET"]}}],"collection":[{"href":"https:\/\/uskonkilpi.net\/wp\/index.php?rest_route=\/wp\/v2\/pages"}],"about":[{"href":"https:\/\/uskonkilpi.net\/wp\/index.php?rest_route=\/wp\/v2\/types\/page"}],"author":[{"embeddable":true,"href":"https:\/\/uskonkilpi.net\/wp\/index.php?rest_route=\/wp\/v2\/users\/1"}],"replies":[{"embeddable":true,"href":"https:\/\/uskonkilpi.net\/wp\/index.php?rest_route=%2Fwp%2Fv2%2Fcomments&post=291"}],"version-history":[{"count":4,"href":"https:\/\/uskonkilpi.net\/wp\/index.php?rest_route=\/wp\/v2\/pages\/291\/revisions"}],"predecessor-version":[{"id":816,"href":"https:\/\/uskonkilpi.net\/wp\/index.php?rest_route=\/wp\/v2\/pages\/291\/revisions\/816"}],"up":[{"embeddable":true,"href":"https:\/\/uskonkilpi.net\/wp\/index.php?rest_route=\/wp\/v2\/pages\/312"}],"wp:attachment":[{"href":"https:\/\/uskonkilpi.net\/wp\/index.php?rest_route=%2Fwp%2Fv2%2Fmedia&parent=291"}],"curies":[{"name":"wp","href":"https:\/\/api.w.org\/{rel}","templated":true}]}}