{"id":285,"date":"2013-02-26T12:15:22","date_gmt":"2013-02-26T10:15:22","guid":{"rendered":"http:\/\/uskonkilpi.net\/wp\/?page_id=285"},"modified":"2013-10-18T13:44:10","modified_gmt":"2013-10-18T10:44:10","slug":"francis-frangipane","status":"publish","type":"page","link":"https:\/\/uskonkilpi.net\/wp\/?page_id=285","title":{"rendered":"Francis Frangipane"},"content":{"rendered":"<p><a href=\"https:\/\/i0.wp.com\/uskonkilpi.net\/wp\/wp-content\/uploads\/2013\/02\/Francis-01.jpg?ssl=1\"><img data-recalc-dims=\"1\" loading=\"lazy\" decoding=\"async\" class=\"alignright size-full wp-image-286\" alt=\"Francis-01\" src=\"https:\/\/i0.wp.com\/uskonkilpi.net\/wp\/wp-content\/uploads\/2013\/02\/Francis-01.jpg?resize=285%2C300&#038;ssl=1\" width=\"285\" height=\"300\" \/><\/a>Francis Frangipane antoi el\u00e4m\u00e4ns\u00e4 Jeesukselle 26. marraskuuta 1970 Blue Ridge Mountainissa Virginiassa. Viisi kuukautta my\u00f6hemmin h\u00e4n tapasi tulevan vaimonsa Denise Piscitellin ja johti h\u00e4net Herran luokse. Lokakuussa 1971 he meniv\u00e4t naimisiin.<\/p>\n<p>Vuonna 1972 Francis ja Denise saivat koulutusta hengelliseen ty\u00f6h\u00f6n Grace Chapelissa Etel\u00e4-Kaliforniassa. Syksyll\u00e4 he jo olivat muuttaneet Hiloon Havaijille synnytt\u00e4m\u00e4\u00e4n seurakuntaa. Heid\u00e4n pienest\u00e4 ty\u00f6st\u00e4\u00e4n kehittyi noin 25 hengen seurakunta, joista useimmat he olivat itse johdattaneet uskoon. He saivat my\u00f6s ensimm\u00e4isen lapsensa tuona aikana.<\/p>\n<p>Nelj\u00e4ntoista kuukauden j\u00e4lkeen he kuitenkin tunsivat, ett\u00e4 heid\u00e4n aikansa Havaijilla oli ohi. Er\u00e4s seurakunta Detroitissa, Michiganin alueella, tarjosi heille pastorin ty\u00f6t\u00e4. 70-luvun j\u00e4lkipuoliskolle tultaessa he johtivat noin 100 hengen seurakuntaa. He my\u00f6skin panivat alulle kahdeksan seurakuntaa ja kotiryhm\u00e4\u00e4 Etel\u00e4 Michiganissa ja Kanadan Ontariossa.<\/p>\n<p>Vuonna 1980 he muuttivat Iowaan. Lapsia kertyi lis\u00e4\u00e4 nelj\u00e4 omaa ja yksi vietnamilainen kasvatuslapsi ja heist\u00e4 tuli 8-j\u00e4seninen perhe. N\u00e4m\u00e4 olivat heille kovia aikoja. Francis oli ty\u00f6llist\u00e4nyt itse itsens\u00e4 ja perhe oli hyvin k\u00f6yh\u00e4. T\u00e4n\u00e4 aikana Francis opetteli kirjoittamaan. H\u00e4nell\u00e4 oli kolmen vuoden jakso el\u00e4m\u00e4ss\u00e4\u00e4n, jolloin h\u00e4n sulkeutui omiin oloihinsa viett\u00e4m\u00e4\u00e4n aikaa Jumalan kanssa. Ainoa hengellinen ruoka, joka ravitsi h\u00e4nt\u00e4, oli Kristuksen sanat evankeliumeissa.<\/p>\n<p>Vuonna 1982 avautui mahdollisuus toimia pastorina seurakunnassa, joka toimi Cedar Rapidsin alueella. Rukoiltuaan aikansa he hyv\u00e4ksyiv\u00e4t t\u00e4m\u00e4n kutsun. Francis huomasi pian olevansa yhteydess\u00e4 useampaan muuhun pastoriin, jotka pitiv\u00e4t kuukausittaista rukouskokoustaan toinen toistensa pyh\u00e4k\u00f6iss\u00e4. Kolmen vuoden kuluttua t\u00e4m\u00e4n rukousryhm\u00e4n perustaja muutti pois kaupungista ja 1985 Francisista ja er\u00e4\u00e4st\u00e4 toisesta pastorista tuli ty\u00f6n vet\u00e4ji\u00e4. He avasivat ryhm\u00e4n my\u00f6s muille esirukoilijoille ja lis\u00e4siv\u00e4t tapaamiskertoja kuukausittaisista viikoittaisiksi. Ryhm\u00e4 kaksinkertaistui nopeasti, mik\u00e4 johti moniin kaupunginlaajuisiin tapahtumiin.<\/p>\n<p>T\u00e4n\u00e4 aikana Francis paneutui kirjoittamiseen innolla. H\u00e4nen ensimm\u00e4inen kirjansa Pyhyys, totuus ja Jumalan l\u00e4sn\u00e4olo [suomalainen julkaisija It\u00e4tuuli- Kustannus, www.ituuli.net] oli kokoelma h\u00e4nen esseit\u00e4\u00e4n ja saarnojaan. Se julkaistiin vuonna 1985. H\u00e4n kirjoitti toisen kirjansa Ei ihmist\u00e4 vastaan [julkaistu my\u00f6s suomeksi\/It\u00e4tuuli-Kustannus] vuonna 1989, kun h\u00e4nt\u00e4 pyydettiin puhumaan hengellisest\u00e4 sodank\u00e4ynnist\u00e4 er\u00e4\u00e4ss\u00e4 konferenssissa Kansas Cityss\u00e4. Molemmista kirjoista tuli myyntimenestyksi\u00e4. Vuodesta 1985 h\u00e4n on kirjoittanut 11 kirjaa ja muutamia opiskeluvihkosia.<\/p>\n<p>Francis on palvellut viime ajat River of Life Ministriesin palveluksessa vanhempana pastorina Cedar Rapidsissa Iowassa. H\u00e4n my\u00f6s matkustaa ymp\u00e4ri maailmaa ja palvelee sananjulistajana tuhansia pastoreita sadoissa kaupungeissa. Francis on nyttemmin (2010) vet\u00e4ytynyt osittain el\u00e4kkeelle pastorin toimestaan ja keskittyy kirjoittamiseen. H\u00e4n on muuttanut Minnesotaan ollakseen siell\u00e4 mukana pienen lapsenlapsensa el\u00e4m\u00e4ss\u00e4 isois\u00e4n\u00e4. My\u00f6hemmin vuonna 2013 h\u00e4n on tiett\u00e4v\u00e4sti muuttanut asumaan Floridaan.<\/p>\n<p>Francisin syd\u00e4men rukous on n\u00e4hd\u00e4 Herran t\u00e4ytt\u00e4v\u00e4n kutsunsa h\u00e4nen seurakuntansa kohdalla ja jatkavan armonsa vuodattamista kunnes jokaisessa kaupungissa Kristuksen kaltaiset pastorit ja rukoustaistelijat seisovat Herran edess\u00e4 asuinyhteis\u00f6jens\u00e4 puolesta.<\/p>\n<p><strong><a href=\"http:\/\/www.frangipane.org\" target=\"_blank\">Francis Frangipane Ministries<\/a><\/strong><\/p>\n<p><a href=\"http:\/\/francisfrangipanemessages.blogspot.fi\/\"><strong>Francis Frangipane Messages<\/strong><\/a><\/p>\n<p>Suomennettuja artikkeleita sarjassa\u00a0<a href=\"http:\/\/sanapuh.wordpress.com\/category\/francis-frangipane\/\">Sana puhuttelee<\/a><\/p>\n<p>Suomennettuja artikkeleita <a href=\"https:\/\/uskonkilpi.net\/wp\/?cat=14\">t\u00e4ss\u00e4 sivustossa<\/a><\/p>\n","protected":false},"excerpt":{"rendered":"<p>Francis Frangipane antoi el\u00e4m\u00e4ns\u00e4 Jeesukselle 26. marraskuuta 1970 Blue Ridge Mountainissa Virginiassa. Viisi kuukautta my\u00f6hemmin h\u00e4n tapasi tulevan vaimonsa Denise Piscitellin ja johti h\u00e4net Herran luokse. Lokakuussa 1971 he meniv\u00e4t naimisiin. Vuonna 1972 Francis ja Denise saivat koulutusta hengelliseen ty\u00f6h\u00f6n Grace Chapelissa Etel\u00e4-Kaliforniassa. Syksyll\u00e4 he jo olivat muuttaneet Hiloon Havaijille synnytt\u00e4m\u00e4\u00e4n seurakuntaa. Heid\u00e4n pienest\u00e4 ty\u00f6st\u00e4\u00e4n &hellip; <\/p>\n<p><a class=\"more-link btn\" href=\"https:\/\/uskonkilpi.net\/wp\/?page_id=285\">Jatka lukemista<\/a><\/p>\n","protected":false},"author":1,"featured_media":0,"parent":312,"menu_order":0,"comment_status":"closed","ping_status":"closed","template":"","meta":{"amp_status":"","footnotes":""},"class_list":["post-285","page","type-page","status-publish","hentry","nodate","item-wrap"],"jetpack_sharing_enabled":true,"jetpack_shortlink":"https:\/\/wp.me\/PaXjEf-4B","_links":{"self":[{"href":"https:\/\/uskonkilpi.net\/wp\/index.php?rest_route=\/wp\/v2\/pages\/285","targetHints":{"allow":["GET"]}}],"collection":[{"href":"https:\/\/uskonkilpi.net\/wp\/index.php?rest_route=\/wp\/v2\/pages"}],"about":[{"href":"https:\/\/uskonkilpi.net\/wp\/index.php?rest_route=\/wp\/v2\/types\/page"}],"author":[{"embeddable":true,"href":"https:\/\/uskonkilpi.net\/wp\/index.php?rest_route=\/wp\/v2\/users\/1"}],"replies":[{"embeddable":true,"href":"https:\/\/uskonkilpi.net\/wp\/index.php?rest_route=%2Fwp%2Fv2%2Fcomments&post=285"}],"version-history":[{"count":9,"href":"https:\/\/uskonkilpi.net\/wp\/index.php?rest_route=\/wp\/v2\/pages\/285\/revisions"}],"predecessor-version":[{"id":2031,"href":"https:\/\/uskonkilpi.net\/wp\/index.php?rest_route=\/wp\/v2\/pages\/285\/revisions\/2031"}],"up":[{"embeddable":true,"href":"https:\/\/uskonkilpi.net\/wp\/index.php?rest_route=\/wp\/v2\/pages\/312"}],"wp:attachment":[{"href":"https:\/\/uskonkilpi.net\/wp\/index.php?rest_route=%2Fwp%2Fv2%2Fmedia&parent=285"}],"curies":[{"name":"wp","href":"https:\/\/api.w.org\/{rel}","templated":true}]}}