{"id":1826,"date":"2013-10-04T00:01:24","date_gmt":"2013-10-03T21:01:24","guid":{"rendered":"http:\/\/uskonkilpi.net\/wp\/?page_id=1826"},"modified":"2013-10-09T15:37:03","modified_gmt":"2013-10-09T12:37:03","slug":"matt-mitchell","status":"publish","type":"page","link":"https:\/\/uskonkilpi.net\/wp\/?page_id=1826","title":{"rendered":"Matt Mitchell"},"content":{"rendered":"<p><a href=\"https:\/\/i0.wp.com\/uskonkilpi.net\/wp\/wp-content\/uploads\/2013\/09\/mattCM.jpg?ssl=1\"><img data-recalc-dims=\"1\" loading=\"lazy\" decoding=\"async\" class=\"alignright size-medium wp-image-1827\" alt=\"mattCM\" src=\"https:\/\/i0.wp.com\/uskonkilpi.net\/wp\/wp-content\/uploads\/2013\/09\/mattCM.jpg?resize=300%2C251&#038;ssl=1\" width=\"300\" height=\"251\" srcset=\"https:\/\/i0.wp.com\/uskonkilpi.net\/wp\/wp-content\/uploads\/2013\/09\/mattCM.jpg?resize=300%2C251&amp;ssl=1 300w, https:\/\/i0.wp.com\/uskonkilpi.net\/wp\/wp-content\/uploads\/2013\/09\/mattCM.jpg?w=357&amp;ssl=1 357w\" sizes=\"auto, (max-width: 300px) 100vw, 300px\" \/><\/a>Olen Heather\u2019in aviomies ja minulla on nelj\u00e4 lasta: Robin, Andrew, Peter ja Isaac. El\u00e4mme mets\u00e4n keskell\u00e4 Pennsylvanian keskiosissa yhdess\u00e4 vapaina kuljeskelevien kanojen kanssa. Toteutamme \u201dkotikoulun seikkailua\u201d, pilkomme puita ulkotakkaamme, tykk\u00e4\u00e4mme lukea upeita kirjoja yhdess\u00e4 ja k\u00e4yd\u00e4 pitkill\u00e4 patikkaretkill\u00e4 koko perheen kanssa.<\/p>\n<p>Yrit\u00e4n paimentaa <a href=\"http:\/\/lansefree.org\/\">Lanse Evangelical Free Church<\/a> \u2013seurakunnan mahtavia ihmisi\u00e4. Seurakunta on i\u00e4lt\u00e4\u00e4n jo 120+ ja sijaitsee valtatien 80 varressa. He ovat joutuneet siet\u00e4m\u00e4\u00e4n minua vuodesta 1998, kun aloitin pastorina, ja on ollut ilo paimentaa heit\u00e4.<\/p>\n<div id=\"attachment_1830\" style=\"width: 75px\" class=\"wp-caption alignleft\"><a href=\"http:\/\/www.amazon.com\/dp\/1619580764\/ref=pe_385040_30332200_pe_309540_26725410_item_image\"><img data-recalc-dims=\"1\" loading=\"lazy\" decoding=\"async\" aria-describedby=\"caption-attachment-1830\" class=\"size-full wp-image-1830\" alt=\"resgos\" src=\"https:\/\/i0.wp.com\/uskonkilpi.net\/wp\/wp-content\/uploads\/2013\/10\/resgos.jpg?resize=75%2C115&#038;ssl=1\" width=\"75\" height=\"115\" \/><\/a><p id=\"caption-attachment-1830\" class=\"wp-caption-text\"><a href=\"http:\/\/www.amazon.com\/dp\/1619580764\/ref=pe_385040_30332200_pe_309540_26725410_item_image\">Tilaa t\u00e4st\u00e4<\/a><\/p><\/div>\n<p>Sit\u00e4 ennen valmistuin Moody Bible \u2013Instituutista ja opinahjosta nimelt\u00e4 Trinity Evangelical Divinity School. Vuonna 2012 sain tohtorin arvon Westminster Theological Seminary\u2019sta oppiaineena raamatullinen sielunhoito. Opiskelin tiedekunnassa, joka toimii j\u00e4rjest\u00f6n Christian Counseling and Educational Foundation (<a href=\"http:\/\/www.ccef.org\/\" target=\"_blank\">CCEF<\/a>) alaisuudessa. Tohtorin tutkintoon t\u00e4ht\u00e4\u00e4v\u00e4 projekti sis\u00e4lsi my\u00f6s ensimm\u00e4isen teokseni Resisting Gossip kirjoittamisen\u00a0(resist=vastustaa, gossip=juoruta, parjata, panetella &#8211; my\u00f6s sit\u00e4 tekev\u00e4 henkil\u00f6). Koen siunauksena, ett\u00e4 olen saanut paljon vaikutteita n\u00e4ist\u00e4 huomattavista instituutioista.<\/p>\n<p>Olen aktiivinen j\u00e4sen seurakuntiemme muodostamassa yhteis\u00f6ss\u00e4 (EFCA). Toimin puheenjohtajana alueemme hallintoelimess\u00e4 (Constitutions and Credentials Board) ja lis\u00e4ksi olen EFCAn kirja-arvostelun koordinaattori. Suurin iloni palvellessani Jeesusta on pit\u00e4\u00e4 intohimoisesti esill\u00e4 Raamatun totuuksia ja n\u00e4hd\u00e4, kuinka ihmisten el\u00e4m\u00e4 muuttuu.<\/p>\n<p>&nbsp;<\/p>\n<p><b><a href=\"https:\/\/i0.wp.com\/uskonkilpi.net\/wp\/wp-content\/uploads\/2013\/09\/091011_mitchell_6483.jpg?ssl=1\"><img data-recalc-dims=\"1\" loading=\"lazy\" decoding=\"async\" class=\"alignright size-medium wp-image-1828\" alt=\"091011_mitchell_6483\" src=\"https:\/\/i0.wp.com\/uskonkilpi.net\/wp\/wp-content\/uploads\/2013\/09\/091011_mitchell_6483.jpg?resize=300%2C200&#038;ssl=1\" width=\"300\" height=\"200\" srcset=\"https:\/\/i0.wp.com\/uskonkilpi.net\/wp\/wp-content\/uploads\/2013\/09\/091011_mitchell_6483.jpg?resize=300%2C200&amp;ssl=1 300w, https:\/\/i0.wp.com\/uskonkilpi.net\/wp\/wp-content\/uploads\/2013\/09\/091011_mitchell_6483.jpg?resize=1024%2C682&amp;ssl=1 1024w, https:\/\/i0.wp.com\/uskonkilpi.net\/wp\/wp-content\/uploads\/2013\/09\/091011_mitchell_6483.jpg?w=1033&amp;ssl=1 1033w\" sizes=\"auto, (max-width: 300px) 100vw, 300px\" \/><\/a><\/b><\/p>\n<p><b>Mit\u00e4 onkaan \u201dHot Orthodoxy\u201d?<\/b><\/p>\n<p>Blogissani on kysymys siit\u00e4, miten palava usko (hot) ja totuus (orthodoxy) voidaan naittaa kesken\u00e4\u00e4n.<\/p>\n<p>Olemme kuulleet ilmi\u00f6st\u00e4 nimelt\u00e4 \u201dcold orthodoxy\u201d (kylm\u00e4 oikeaoppisuus) eik\u00e4 se ole hyv\u00e4. Ei ole hyv\u00e4 my\u00f6sk\u00e4\u00e4n sis\u00e4ll\u00f6t\u00f6n tunteileminen. Tarvitsemme sek\u00e4 l\u00e4mp\u00f6\u00e4 ett\u00e4 valoa.<\/p>\n<p>Blogini <a href=\"http:\/\/matt-mitchell.blogspot.fi\/\">Hot Orthodoxy<\/a>\u00a0(&#8221;L\u00e4mmin oikeaoppisuus&#8221;) on sekoitus, joka sis\u00e4lt\u00e4\u00e4 niin raamatullista teologiaa kuin hyvi\u00e4 linkkej\u00e4, v\u00e4l\u00e4hdyksi\u00e4 perhe-el\u00e4m\u00e4st\u00e4 (mukaan lukien Heather\u2019in iloiset luontovalokuvat) ja henkil\u00f6kohtaisia muistoja uskon vaellukseni ajalta, kun olen seurannut Herraa Jeesusta Kristusta sek\u00e4 p\u00e4\u00e4n ett\u00e4 syd\u00e4men tasolla. Sivuiltani l\u00f6ytyy noin vuosikymmenen mittainen saarna-arkisto, ajatuksia pastorin ty\u00f6st\u00e4, sielunhoitoasiaa, kirja-arvosteluja ja kaikenlaista viisautta niin paljon kuin kykenen tarjoamaan (eih\u00e4n se ole puoliakaan siit\u00e4, mit\u00e4 toivoisin voivani jakaa). Kiitos kaikille lukijoille kiinnostuksesta!<\/p>\n<p><a href=\"http:\/\/matt-mitchell.blogspot.fi\/p\/about.html\"><strong>Matt&#8217;s Profile in English<\/strong><\/a><\/p>\n<p>Matt Mitchell&#8217;in artikkelit <a href=\"https:\/\/uskonkilpi.net\/wp\/?cat=40\">t\u00e4ss\u00e4 sivustossa<\/a><\/p>\n<p><a href=\"http:\/\/matt-mitchell.blogspot.fi\/2013\/10\/hot-orthodoxy-in-finland.html\">Matt Mitchell jakoi omassa blogissaan tietoa artikkeliensa suomenkielisest\u00e4 julkaisusta.<\/a><\/p>\n","protected":false},"excerpt":{"rendered":"<p>Olen Heather\u2019in aviomies ja minulla on nelj\u00e4 lasta: Robin, Andrew, Peter ja Isaac. El\u00e4mme mets\u00e4n keskell\u00e4 Pennsylvanian keskiosissa yhdess\u00e4 vapaina kuljeskelevien kanojen kanssa. Toteutamme \u201dkotikoulun seikkailua\u201d, pilkomme puita ulkotakkaamme, tykk\u00e4\u00e4mme lukea upeita kirjoja yhdess\u00e4 ja k\u00e4yd\u00e4 pitkill\u00e4 patikkaretkill\u00e4 koko perheen kanssa. Yrit\u00e4n paimentaa Lanse Evangelical Free Church \u2013seurakunnan mahtavia ihmisi\u00e4. Seurakunta on i\u00e4lt\u00e4\u00e4n jo 120+ &hellip; <\/p>\n<p><a class=\"more-link btn\" href=\"https:\/\/uskonkilpi.net\/wp\/?page_id=1826\">Jatka lukemista<\/a><\/p>\n","protected":false},"author":1,"featured_media":0,"parent":312,"menu_order":0,"comment_status":"closed","ping_status":"closed","template":"","meta":{"jetpack_post_was_ever_published":false,"amp_status":"","footnotes":""},"class_list":["post-1826","page","type-page","status-publish","hentry","nodate","item-wrap"],"jetpack_sharing_enabled":true,"jetpack_shortlink":"https:\/\/wp.me\/PaXjEf-ts","_links":{"self":[{"href":"https:\/\/uskonkilpi.net\/wp\/index.php?rest_route=\/wp\/v2\/pages\/1826","targetHints":{"allow":["GET"]}}],"collection":[{"href":"https:\/\/uskonkilpi.net\/wp\/index.php?rest_route=\/wp\/v2\/pages"}],"about":[{"href":"https:\/\/uskonkilpi.net\/wp\/index.php?rest_route=\/wp\/v2\/types\/page"}],"author":[{"embeddable":true,"href":"https:\/\/uskonkilpi.net\/wp\/index.php?rest_route=\/wp\/v2\/users\/1"}],"replies":[{"embeddable":true,"href":"https:\/\/uskonkilpi.net\/wp\/index.php?rest_route=%2Fwp%2Fv2%2Fcomments&post=1826"}],"version-history":[{"count":10,"href":"https:\/\/uskonkilpi.net\/wp\/index.php?rest_route=\/wp\/v2\/pages\/1826\/revisions"}],"predecessor-version":[{"id":1996,"href":"https:\/\/uskonkilpi.net\/wp\/index.php?rest_route=\/wp\/v2\/pages\/1826\/revisions\/1996"}],"up":[{"embeddable":true,"href":"https:\/\/uskonkilpi.net\/wp\/index.php?rest_route=\/wp\/v2\/pages\/312"}],"wp:attachment":[{"href":"https:\/\/uskonkilpi.net\/wp\/index.php?rest_route=%2Fwp%2Fv2%2Fmedia&parent=1826"}],"curies":[{"name":"wp","href":"https:\/\/api.w.org\/{rel}","templated":true}]}}