{"id":1357,"date":"2013-07-12T00:01:52","date_gmt":"2013-07-11T21:01:52","guid":{"rendered":"http:\/\/uskonkilpi.net\/wp\/?page_id=1357"},"modified":"2013-07-14T13:00:18","modified_gmt":"2013-07-14T10:00:18","slug":"ed-waken","status":"publish","type":"page","link":"https:\/\/uskonkilpi.net\/wp\/?page_id=1357","title":{"rendered":"Ed Waken"},"content":{"rendered":"<p><a href=\"https:\/\/i0.wp.com\/uskonkilpi.net\/wp\/wp-content\/uploads\/2013\/07\/EdWaken.jpg?ssl=1\"><img data-recalc-dims=\"1\" loading=\"lazy\" decoding=\"async\" class=\"alignright size-thumbnail wp-image-1358\" alt=\"EdWaken\" src=\"https:\/\/i0.wp.com\/uskonkilpi.net\/wp\/wp-content\/uploads\/2013\/07\/EdWaken.jpg?resize=150%2C150&#038;ssl=1\" width=\"150\" height=\"150\" \/><\/a>Rakastan Herraa ja haluan oppia tuntemaan h\u00e4net l\u00e4heisesti. Rakastan ihmisi\u00e4 ja haluan, ett\u00e4 he ovat rikkaalla tavalla yhteydess\u00e4 Jumalaan. Rakastan ymp\u00e4r\u00f6iv\u00e4\u00e4 maailmaa ja haluan n\u00e4hd\u00e4, miten Jumalan sanan totuudet vaikuttavat siihen. Rakastan vaimoani enk\u00e4 voisi kuvitella el\u00e4m\u00e4\u00e4 ilman h\u00e4nt\u00e4. Deb&#8217;ill\u00e4 ja minulla on kolme aikuista lasta (ja kaksi lastenlasta), jotka saavat aikaan merkitt\u00e4vi\u00e4 asioita Jeesuksen hyv\u00e4ksi. Olen hyvin ylpe\u00e4 lapsistani: Bethany on lukion erityisopettaja, Jared on hankintaosaston johtaja er\u00e4\u00e4ss\u00e4 suuressa teollisuuslaitoksessa ja Rachel opettaa meille, kuinka rakastetaan ihmisi\u00e4 ja hyv\u00e4ksyt\u00e4\u00e4n heid\u00e4t, ovatpa he millaisia tahansa. Sinun pit\u00e4isi saada tavata heid\u00e4t jonain p\u00e4iv\u00e4n\u00e4.<\/p>\n<p>Edward on ammatiltaan opettaja. H\u00e4n asuu perheineen Phoenixin liepeill\u00e4, Arizonassa Yhdysvalloissa. H\u00e4n kirjoittaa blogia nimelt\u00e4 <a href=\"http:\/\/edwaken.blogspot.fi\/\">Thoughts out there by Ed<\/a>, josta my\u00f6s Uskon kilven artikkelit on suomennettu.<\/p>\n<p><a href=\"http:\/\/www.blogger.com\/profile\/12703789732994456898\">Ed&#8217;s profile in English<\/a><\/p>\n<p>Ed Waken&#8217;in artikkelit <a href=\"https:\/\/uskonkilpi.net\/wp\/?cat=37\">t\u00e4ss\u00e4 sivustossa<\/a><\/p>\n","protected":false},"excerpt":{"rendered":"<p>Rakastan Herraa ja haluan oppia tuntemaan h\u00e4net l\u00e4heisesti. Rakastan ihmisi\u00e4 ja haluan, ett\u00e4 he ovat rikkaalla tavalla yhteydess\u00e4 Jumalaan. Rakastan ymp\u00e4r\u00f6iv\u00e4\u00e4 maailmaa ja haluan n\u00e4hd\u00e4, miten Jumalan sanan totuudet vaikuttavat siihen. Rakastan vaimoani enk\u00e4 voisi kuvitella el\u00e4m\u00e4\u00e4 ilman h\u00e4nt\u00e4. Deb&#8217;ill\u00e4 ja minulla on kolme aikuista lasta (ja kaksi lastenlasta), jotka saavat aikaan merkitt\u00e4vi\u00e4 asioita Jeesuksen &hellip; <\/p>\n<p><a class=\"more-link btn\" href=\"https:\/\/uskonkilpi.net\/wp\/?page_id=1357\">Jatka lukemista<\/a><\/p>\n","protected":false},"author":1,"featured_media":0,"parent":312,"menu_order":0,"comment_status":"closed","ping_status":"closed","template":"","meta":{"jetpack_post_was_ever_published":false,"amp_status":"","footnotes":""},"class_list":["post-1357","page","type-page","status-publish","hentry","nodate","item-wrap"],"jetpack_sharing_enabled":true,"jetpack_shortlink":"https:\/\/wp.me\/PaXjEf-lT","_links":{"self":[{"href":"https:\/\/uskonkilpi.net\/wp\/index.php?rest_route=\/wp\/v2\/pages\/1357","targetHints":{"allow":["GET"]}}],"collection":[{"href":"https:\/\/uskonkilpi.net\/wp\/index.php?rest_route=\/wp\/v2\/pages"}],"about":[{"href":"https:\/\/uskonkilpi.net\/wp\/index.php?rest_route=\/wp\/v2\/types\/page"}],"author":[{"embeddable":true,"href":"https:\/\/uskonkilpi.net\/wp\/index.php?rest_route=\/wp\/v2\/users\/1"}],"replies":[{"embeddable":true,"href":"https:\/\/uskonkilpi.net\/wp\/index.php?rest_route=%2Fwp%2Fv2%2Fcomments&post=1357"}],"version-history":[{"count":8,"href":"https:\/\/uskonkilpi.net\/wp\/index.php?rest_route=\/wp\/v2\/pages\/1357\/revisions"}],"predecessor-version":[{"id":1387,"href":"https:\/\/uskonkilpi.net\/wp\/index.php?rest_route=\/wp\/v2\/pages\/1357\/revisions\/1387"}],"up":[{"embeddable":true,"href":"https:\/\/uskonkilpi.net\/wp\/index.php?rest_route=\/wp\/v2\/pages\/312"}],"wp:attachment":[{"href":"https:\/\/uskonkilpi.net\/wp\/index.php?rest_route=%2Fwp%2Fv2%2Fmedia&parent=1357"}],"curies":[{"name":"wp","href":"https:\/\/api.w.org\/{rel}","templated":true}]}}