{"id":1335,"date":"2013-07-04T00:01:37","date_gmt":"2013-07-03T21:01:37","guid":{"rendered":"http:\/\/uskonkilpi.net\/wp\/?page_id=1335"},"modified":"2013-09-08T19:25:15","modified_gmt":"2013-09-08T16:25:15","slug":"leonard-sweet","status":"publish","type":"page","link":"https:\/\/uskonkilpi.net\/wp\/?page_id=1335","title":{"rendered":"Leonard Sweet"},"content":{"rendered":"<p><a href=\"https:\/\/i0.wp.com\/uskonkilpi.net\/wp\/wp-content\/uploads\/2013\/07\/Leonard-Sweet2.jpg?ssl=1\"><img data-recalc-dims=\"1\" loading=\"lazy\" decoding=\"async\" class=\"alignleft size-full wp-image-1818\" alt=\"Leonard-Sweet2\" src=\"https:\/\/i0.wp.com\/uskonkilpi.net\/wp\/wp-content\/uploads\/2013\/07\/Leonard-Sweet2.jpg?resize=230%2C345&#038;ssl=1\" width=\"230\" height=\"345\" srcset=\"https:\/\/i0.wp.com\/uskonkilpi.net\/wp\/wp-content\/uploads\/2013\/07\/Leonard-Sweet2.jpg?w=230&amp;ssl=1 230w, https:\/\/i0.wp.com\/uskonkilpi.net\/wp\/wp-content\/uploads\/2013\/07\/Leonard-Sweet2.jpg?resize=200%2C300&amp;ssl=1 200w\" sizes=\"auto, (max-width: 230px) 100vw, 230px\" \/><\/a>Tri Leonard Sweet on amerikkalaisen kulttuurin tuntija ja kielentutkija, joka &#8221;n\u00e4kee asioita, joita muut eiv\u00e4t n\u00e4e, ja uneksii mahdollisuuksista, joita useimmat eiv\u00e4t osaa kuvitellakaan&#8221;. H\u00e4n on my\u00f6s saarnamies ja kirjailija, joka on kirjoittanut bestsellereit\u00e4. H\u00e4n viestii evankeliumin sanomaa sellaisella tavalla, jossa h\u00e4n rakentaa siltoja uskon, akateemisen maailman ja populaarikulttuurin v\u00e4lille. Vuosien 2006 ja 2007 vaiheilla Church Report Magazine -lehti \u00e4\u00e4nesti h\u00e4net kuuluvaksi &#8221;Amerikan 50 vaikutusvaltaisimman kristityn joukkoon&#8221;, ja vuonna 2010 h\u00e4n p\u00e4\u00e4si jo er\u00e4\u00e4ss\u00e4 toisessa \u00e4\u00e4nestyksess\u00e4 top10 -listalle. H\u00e4n on toimittanut suosittua puhesarjaa &#8221;Napkin Scribbles&#8221; (Raapustuksia lautasliinaan), josta otetaan paljon lainauksia. My\u00f6s h\u00e4nen viikottainen panoksensa sermons.com -sivustolle on omalta osaltaan tehnyt noista sivuista Pohjois-Amerikassa niin suositun aarreaitan saarnamiesten keskuudessa. Len on suosittu puhuja kautta Pohjois-Amerikan ja ymp\u00e4ri maailman.<\/p>\n<p>Len on kirjoittanut yli 200 artikkelia, julkaissut 1300+ saarnaa ja yli 50 kirjaa. T\u00e4rkeimpi\u00e4 kirjoja ovat sellaiset bestsellerit kuin Soul Tsunami, Aqua Church, Jesus Manifesto (yhdess\u00e4 Frank Violan kanssa) ja Jesus: A Theography (my\u00f6s Frank Violan kanssa yhteinen). H\u00e4nen tuotantoonsa kuuluu suuri m\u00e4\u00e4r\u00e4 julkaisuja, joita ei valitettavasti ole suomennettu.<\/p>\n<p>T\u00e4ll\u00e4 hetkell\u00e4 (2013) Len toimii professorina Drew&#8217;n yliopistossa Madisonissa New Jerseyss\u00e4 ja vierailevana luennoitsijana George Foxin yliopistossa Portlandissa Oregonissa. Aiemmin h\u00e4n oli kirkkohistorian professorina oppilaitoksessa nimelt\u00e4 United Theological Seminary, Daytonissa, Ohiossa. Len on toiminut johtavassa asemassa metodistikirkossa. H\u00e4n konsultoi monia amerikkalaisia kirkkokuntia, niiden johtajia ja eri j\u00e4rjest\u00f6j\u00e4. H\u00e4n on usein ollut puhujana kansallisissa ja kansainv\u00e4lisiss\u00e4 konferensseissa, raamattukouluissa jne.<\/p>\n<p>Leonard Sweet&#8217;in perheeseen kuuluu vaimo ja kolme lasta. Len julkaisee kaiken muun lis\u00e4ksi omaa blogia <a href=\"http:\/\/www.leonardsweet.com\/index.php\">LeonardSweet<\/a>, josta t\u00e4m\u00e4n sivuston artikkelit on suomennettu.<\/p>\n<p>Leonard Sweet&#8217;in artikkeleita <a href=\"https:\/\/uskonkilpi.net\/wp\/?cat=35\">t\u00e4ss\u00e4 sivustossa<\/a>.<\/p>\n","protected":false},"excerpt":{"rendered":"<p>Tri Leonard Sweet on amerikkalaisen kulttuurin tuntija ja kielentutkija, joka &#8221;n\u00e4kee asioita, joita muut eiv\u00e4t n\u00e4e, ja uneksii mahdollisuuksista, joita useimmat eiv\u00e4t osaa kuvitellakaan&#8221;. H\u00e4n on my\u00f6s saarnamies ja kirjailija, joka on kirjoittanut bestsellereit\u00e4. H\u00e4n viestii evankeliumin sanomaa sellaisella tavalla, jossa h\u00e4n rakentaa siltoja uskon, akateemisen maailman ja populaarikulttuurin v\u00e4lille. Vuosien 2006 ja 2007 vaiheilla &hellip; <\/p>\n<p><a class=\"more-link btn\" href=\"https:\/\/uskonkilpi.net\/wp\/?page_id=1335\">Jatka lukemista<\/a><\/p>\n","protected":false},"author":1,"featured_media":0,"parent":312,"menu_order":0,"comment_status":"closed","ping_status":"closed","template":"","meta":{"amp_status":"","footnotes":""},"class_list":["post-1335","page","type-page","status-publish","hentry","nodate","item-wrap"],"jetpack_sharing_enabled":true,"jetpack_shortlink":"https:\/\/wp.me\/PaXjEf-lx","_links":{"self":[{"href":"https:\/\/uskonkilpi.net\/wp\/index.php?rest_route=\/wp\/v2\/pages\/1335","targetHints":{"allow":["GET"]}}],"collection":[{"href":"https:\/\/uskonkilpi.net\/wp\/index.php?rest_route=\/wp\/v2\/pages"}],"about":[{"href":"https:\/\/uskonkilpi.net\/wp\/index.php?rest_route=\/wp\/v2\/types\/page"}],"author":[{"embeddable":true,"href":"https:\/\/uskonkilpi.net\/wp\/index.php?rest_route=\/wp\/v2\/users\/1"}],"replies":[{"embeddable":true,"href":"https:\/\/uskonkilpi.net\/wp\/index.php?rest_route=%2Fwp%2Fv2%2Fcomments&post=1335"}],"version-history":[{"count":9,"href":"https:\/\/uskonkilpi.net\/wp\/index.php?rest_route=\/wp\/v2\/pages\/1335\/revisions"}],"predecessor-version":[{"id":1819,"href":"https:\/\/uskonkilpi.net\/wp\/index.php?rest_route=\/wp\/v2\/pages\/1335\/revisions\/1819"}],"up":[{"embeddable":true,"href":"https:\/\/uskonkilpi.net\/wp\/index.php?rest_route=\/wp\/v2\/pages\/312"}],"wp:attachment":[{"href":"https:\/\/uskonkilpi.net\/wp\/index.php?rest_route=%2Fwp%2Fv2%2Fmedia&parent=1335"}],"curies":[{"name":"wp","href":"https:\/\/api.w.org\/{rel}","templated":true}]}}