{"id":112,"date":"2013-02-05T14:40:14","date_gmt":"2013-02-05T12:40:14","guid":{"rendered":"http:\/\/uskonkilpi.net\/wp\/?page_id=112"},"modified":"2024-07-12T10:51:45","modified_gmt":"2024-07-12T07:51:45","slug":"uskonkilpi","status":"publish","type":"page","link":"https:\/\/uskonkilpi.net\/wp\/","title":{"rendered":"Etusivu"},"content":{"rendered":"<p><a href=\"http:\/\/sanapuh.wordpress.com\"><img data-recalc-dims=\"1\" loading=\"lazy\" decoding=\"async\" class=\"alignleft size-medium wp-image-113\" src=\"https:\/\/i0.wp.com\/uskonkilpi.net\/wp\/wp-content\/uploads\/2013\/02\/SanaPuhuttelee.jpg?resize=300%2C250&#038;ssl=1\" alt=\"SanaPuhuttelee\" width=\"300\" height=\"250\" srcset=\"https:\/\/i0.wp.com\/uskonkilpi.net\/wp\/wp-content\/uploads\/2013\/02\/SanaPuhuttelee.jpg?resize=300%2C250&amp;ssl=1 300w, https:\/\/i0.wp.com\/uskonkilpi.net\/wp\/wp-content\/uploads\/2013\/02\/SanaPuhuttelee.jpg?w=976&amp;ssl=1 976w\" sizes=\"auto, (max-width: 300px) 100vw, 300px\" \/><\/a><\/p>\n<p><strong>Sana puhuttelee<\/strong><\/p>\n<p>Uskon kilpi on useamman sivuston kokonaisuus. Ulkomaisten kirjoittajien artikkelit on arkistoitu vuoteen 2010 asti sivustoon nimelt\u00e4 <a href=\"http:\/\/sanapuh.wordpress.com\" target=\"_blank\" rel=\"noopener noreferrer\">Sana puhuttelee<\/a>.<\/p>\n<p>Kokoelma sis\u00e4lt\u00e4\u00e4 seuraavien kirjoittajien artikkeleita: Art Katz, Douglas Clerk, Dennis Cramer, Francis Frangipane, Peggy Kannaday, Rick Warren, Victoria Boyson ja Wolfgang Simson.<\/p>\n<p>\u00a0<\/p>\n<p>Peter Kujalan artikkelit on siirretty omaan blogiinsa <a href=\"http:\/\/pksuomeksi.blogspot.com\" target=\"_blank\" rel=\"noopener noreferrer\">Peter Kujala<\/a><\/p>\n<p><strong><a href=\"http:\/\/uskonkilpi.wordpress.com\"><img data-recalc-dims=\"1\" loading=\"lazy\" decoding=\"async\" class=\"alignleft size-medium wp-image-119\" src=\"https:\/\/i0.wp.com\/uskonkilpi.net\/wp\/wp-content\/uploads\/2013\/02\/Uskonkilpi.jpg?resize=300%2C250&#038;ssl=1\" alt=\"Uskonkilpi\" width=\"300\" height=\"250\" srcset=\"https:\/\/i0.wp.com\/uskonkilpi.net\/wp\/wp-content\/uploads\/2013\/02\/Uskonkilpi.jpg?resize=300%2C250&amp;ssl=1 300w, https:\/\/i0.wp.com\/uskonkilpi.net\/wp\/wp-content\/uploads\/2013\/02\/Uskonkilpi.jpg?w=976&amp;ssl=1 976w\" sizes=\"auto, (max-width: 300px) 100vw, 300px\" \/><\/a><\/strong><\/p>\n<p><strong>Uskon kilpi<\/strong><\/p>\n<p>Edellisen rinnalla on ollut toinen vastaava sivusto, jossa on Simon omat kirjoitelmat vuoteen 2010 asti.<\/p>\n<p>T\u00e4h\u00e4n sivustoon on yhdistetty joukko Simon vanhoja blogeja, kuten Vartiopaikka, Hengen miekka, Hengen sanomat ja kirjoitelmia Olen kristitty -blogista. T\u00e4nne on my\u00f6s kopioitu joitakin P\u00e4iv\u00e4n rukouksia Sana hallussa -sivustosta.<\/p>\n<p><a href=\"http:\/\/vanha.uskonkilpi.net\/\"><img data-recalc-dims=\"1\" loading=\"lazy\" decoding=\"async\" class=\"alignright\" style=\"border: 0px;\" title=\"uklogo\" src=\"http:\/\/uskonkilpi.files.wordpress.com\/2011\/08\/uklogo.jpg?w=640&#038;resize=170%2C52\" alt=\"\" width=\"170\" height=\"52\" \/><\/a><\/p>\n<p>Kaikki vanhat blogit on suljettu 1.9.2011 alkaen ja Olen kristitty-sivusto on poistunut k\u00e4yt\u00f6st\u00e4 vuonna 2012. Sana hallussa -sivusto on my\u00f6s poistunut k\u00e4yt\u00f6st\u00e4, sen sijaan <a href=\"http:\/\/vanha.uskonkilpi.net\/\">vanha Uskon kilpi <\/a>py\u00f6rii edelleen, mutta senkin el\u00e4m\u00e4nkaari on rajallinen. (Toimii kunnolla vain MSIE-selaimessa, jossa Java-tuki on p\u00e4\u00e4ll\u00e4.) Vanha Uskonkilpi \u00a0on siirtynyt 4.2.2013 uuteen osoitteeseen <a href=\"http:\/\/vanha.uskonkilpi.net\" target=\"_blank\" rel=\"noopener noreferrer\">vanha.uskonkilpi.net<\/a> joten sivuston k\u00e4ytt\u00e4m\u00e4t ev\u00e4steet ovat nollaantuneet.<\/p>\n<p><strong>Uusittu Uskon kilpi<\/strong><\/p>\n<p><a href=\"http:\/\/uskonkilpi.blogspot.com\"><img data-recalc-dims=\"1\" loading=\"lazy\" decoding=\"async\" class=\"alignright wp-image-956\" style=\"border: 0px;\" src=\"https:\/\/i0.wp.com\/uskonkilpi.net\/wp\/wp-content\/uploads\/2013\/02\/blogger.jpg?resize=299%2C105&#038;ssl=1\" alt=\"blogger\" width=\"299\" height=\"105\" \/><\/a>T\u00e4m\u00e4 sivusto on aloitettu elokuussa 2012 osoitteessa <a href=\"http:\/\/uskonkilpi.blogspot.com\" target=\"_blank\" rel=\"noopener noreferrer\">uskonkilpi.blogspot.com<\/a> sis\u00e4lt\u00e4en aluksi Simon omia kirjoitelmia. Nyt 5.2.2013 alkaen sivusto py\u00f6rii wordpress-alustalla osoitteessa www.uskonkilpi.net\u00a0(blogger-pohjainen sivusto j\u00e4\u00e4 el\u00e4m\u00e4\u00e4n rinnalla &#8211; sis\u00e4lt\u00e4\u00e4 mm. hyv\u00e4t some-yhteydet ja sopii paremmin mobiililaitteisiin). Vuodesta 2013 alkaen t\u00e4m\u00e4 sivusto tulee sis\u00e4lt\u00e4m\u00e4\u00e4n my\u00f6s k\u00e4\u00e4nn\u00f6sartikkeleita, varsinkin kotiseurakuntaliikkeen ja apostolisen uskon tiimoilta.<\/p>\n<p><a href=\"http:\/\/issuu.com\/uskonkilpi\"><img data-recalc-dims=\"1\" loading=\"lazy\" decoding=\"async\" class=\"alignleft size-full wp-image-1567\" src=\"https:\/\/i0.wp.com\/uskonkilpi.net\/wp\/wp-content\/uploads\/2013\/02\/issuubanner.jpg?resize=250%2C76&#038;ssl=1\" alt=\"issuubanner\" width=\"250\" height=\"76\" \/><\/a><\/p>\n<p>Sen kautta l\u00f6ytyv\u00e4t my\u00f6s ne julkaisut, jotka on vapaasti luettavissa\u00a0<a href=\"http:\/\/issuu.com\/uskonkilpi\" target=\"_blank\" rel=\"noopener noreferrer\">Issuu<\/a>-palvelussa. Voit lukea muutamia kirjoja selaimella suoraan <a href=\"http:\/\/issuu.com\/uskonkilpi\">t\u00e4st\u00e4<\/a>.<\/p>\n<p><a href=\"http:\/\/esiru.wordpress.com\"><img data-recalc-dims=\"1\" loading=\"lazy\" decoding=\"async\" class=\"alignright size-full wp-image-143\" style=\"border: 0px;\" src=\"https:\/\/i0.wp.com\/uskonkilpi.net\/wp\/wp-content\/uploads\/2013\/02\/esirugoes.jpg?resize=300%2C98&#038;ssl=1\" alt=\"esiru\" width=\"300\" height=\"98\" \/><\/a><\/p>\n<p>\u00a0<\/p>\n<p><strong>Siruja<\/strong><\/p>\n<p>Katso my\u00f6s <a href=\"http:\/\/esiru.wordpress.com\" target=\"_blank\" rel=\"noopener noreferrer\">Siruja<\/a> (apusivusto, jossa on rohkaisuja ja profeetallista sanaa.)<\/p>\n<p><em>Meill\u00e4 on vain yksi Herra, Jeesus Kristus. H\u00e4nen v\u00e4lityksell\u00e4\u00e4n on kaikki luotu, niin my\u00f6s meid\u00e4t. 1.Kor.8:6.<\/em><\/p>\n<p><strong><a href=\"https:\/\/i0.wp.com\/uskonkilpi.net\/wp\/wp-content\/uploads\/2013\/02\/qr-uskonkilpi.png?ssl=1\"><img data-recalc-dims=\"1\" loading=\"lazy\" decoding=\"async\" class=\"alignright wp-image-1403\" style=\"border: 0px;\" src=\"https:\/\/i0.wp.com\/uskonkilpi.net\/wp\/wp-content\/uploads\/2013\/02\/qr-uskonkilpi.png?resize=240%2C240&#038;ssl=1\" alt=\"qr-uskonkilpi\" width=\"240\" height=\"240\" srcset=\"https:\/\/i0.wp.com\/uskonkilpi.net\/wp\/wp-content\/uploads\/2013\/02\/qr-uskonkilpi.png?w=300&amp;ssl=1 300w, https:\/\/i0.wp.com\/uskonkilpi.net\/wp\/wp-content\/uploads\/2013\/02\/qr-uskonkilpi.png?resize=150%2C150&amp;ssl=1 150w\" sizes=\"auto, (max-width: 240px) 100vw, 240px\" \/><\/a><\/strong><\/p>\n<p><strong>Some<\/strong><\/p>\n<p><a href=\"https:\/\/www.facebook.com\/#!\/pages\/Uskon-kilpi\/332095220243713\">Facebook<\/a>in lis\u00e4ksi voit seurata Uskon kilven sis\u00e4lt\u00f6\u00e4 my\u00f6s sosiaalisessa mediassa: <a href=\"http:\/\/twitter.com\/uskonkilpi\">Twitter<\/a><\/p>\n<h3>Copyright \u00a9 Uskon kilpi<\/h3>\n<div>Yksitt\u00e4isi\u00e4 artikkeleita voi tulostaa paperille omaan tai pienpiirin k\u00e4ytt\u00f6\u00f6n. Artikkeleita saa my\u00f6s vapaasti linkitt\u00e4\u00e4 tai lainata niist\u00e4 lyhyit\u00e4 otteita, kunhan se tehd\u00e4\u00e4n my\u00f6nteisess\u00e4 hengess\u00e4, mutta niiden sis\u00e4lt\u00f6\u00e4 ei saa laajemmin kopioida ja julkaista uudestaan ilman kirjallista lupaa.<\/div>\n<div>\u00a0<\/div>\n<div>\u00a0<\/div>\n\n\n<figure class=\"wp-block-embed is-type-video is-provider-youtube wp-block-embed-youtube wp-embed-aspect-16-9 wp-has-aspect-ratio\"><div class=\"wp-block-embed__wrapper\">\n<span class=\"embed-youtube\" style=\"text-align:center; display: block;\"><iframe loading=\"lazy\" class=\"youtube-player\" width=\"750\" height=\"422\" src=\"https:\/\/www.youtube.com\/embed\/4XjH1EByu5k?version=3&#038;rel=1&#038;showsearch=0&#038;showinfo=1&#038;iv_load_policy=1&#038;fs=1&#038;hl=fi&#038;autohide=2&#038;wmode=transparent\" allowfullscreen=\"true\" style=\"border:0;\" sandbox=\"allow-scripts allow-same-origin allow-popups allow-presentation allow-popups-to-escape-sandbox\"><\/iframe><\/span>\n<\/div><\/figure>\n","protected":false},"excerpt":{"rendered":"<p>Sana puhuttelee Uskon kilpi on useamman sivuston kokonaisuus. Ulkomaisten kirjoittajien artikkelit on arkistoitu vuoteen 2010 asti sivustoon nimelt\u00e4 Sana puhuttelee. Kokoelma sis\u00e4lt\u00e4\u00e4 seuraavien kirjoittajien artikkeleita: Art Katz, Douglas Clerk, Dennis Cramer, Francis Frangipane, Peggy Kannaday, Rick Warren, Victoria Boyson ja Wolfgang Simson. \u00a0 Peter Kujalan artikkelit on siirretty omaan blogiinsa Peter Kujala Uskon kilpi Edellisen &hellip; <\/p>\n<p><a class=\"more-link btn\" href=\"https:\/\/uskonkilpi.net\/wp\/\">Jatka lukemista<\/a><\/p>\n","protected":false},"author":1,"featured_media":0,"parent":0,"menu_order":0,"comment_status":"closed","ping_status":"closed","template":"","meta":{"amp_status":"","footnotes":""},"class_list":["post-112","page","type-page","status-publish","hentry","nodate","item-wrap"],"jetpack_sharing_enabled":true,"jetpack_shortlink":"https:\/\/wp.me\/PaXjEf-1O","_links":{"self":[{"href":"https:\/\/uskonkilpi.net\/wp\/index.php?rest_route=\/wp\/v2\/pages\/112","targetHints":{"allow":["GET"]}}],"collection":[{"href":"https:\/\/uskonkilpi.net\/wp\/index.php?rest_route=\/wp\/v2\/pages"}],"about":[{"href":"https:\/\/uskonkilpi.net\/wp\/index.php?rest_route=\/wp\/v2\/types\/page"}],"author":[{"embeddable":true,"href":"https:\/\/uskonkilpi.net\/wp\/index.php?rest_route=\/wp\/v2\/users\/1"}],"replies":[{"embeddable":true,"href":"https:\/\/uskonkilpi.net\/wp\/index.php?rest_route=%2Fwp%2Fv2%2Fcomments&post=112"}],"version-history":[{"count":116,"href":"https:\/\/uskonkilpi.net\/wp\/index.php?rest_route=\/wp\/v2\/pages\/112\/revisions"}],"predecessor-version":[{"id":6718,"href":"https:\/\/uskonkilpi.net\/wp\/index.php?rest_route=\/wp\/v2\/pages\/112\/revisions\/6718"}],"wp:attachment":[{"href":"https:\/\/uskonkilpi.net\/wp\/index.php?rest_route=%2Fwp%2Fv2%2Fmedia&parent=112"}],"curies":[{"name":"wp","href":"https:\/\/api.w.org\/{rel}","templated":true}]}}